{"id":9643,"date":"2022-12-07T11:10:39","date_gmt":"2022-12-07T10:10:39","guid":{"rendered":"https:\/\/thee.be\/?post_type=product&#038;p=9643"},"modified":"2022-12-30T15:13:00","modified_gmt":"2022-12-30T14:13:00","slug":"tisane-garden-of-eden","status":"publish","type":"product","link":"https:\/\/thee.be\/fr\/shop\/the-en-vrac\/infusions\/tisane-garden-of-eden\/","title":{"rendered":"Tisane \u2013 Garden of Eden"},"content":{"rendered":"<p>Un m\u00e9lange \u00e9pic\u00e9 qui fait partie de la collection de th\u00e9 Garden Of Eden. La combinaison de toutes ces herbes fonctionne de mani\u00e8re particuli\u00e8rement surprenante. Comme le m\u00e9lange ne contient pas de Camelia Sinensis, il ne contient pas non plus de caf\u00e9ine et peut donc \u00eatre consomm\u00e9 tard le soir.<\/p>\n<h3>Composition<\/h3>\n<p>Morceaux de pomme douce, citronnelle, poivre rose, cannelle, camomille, coriandre, fleur de tournesol, bleuet, p\u00e9tales de rose.<\/p>\n","protected":false},"excerpt":{"rendered":"<p>Un m\u00e9lange \u00e9pic\u00e9 qui fait partie de la collection de th\u00e9 Garden Of Eden. La combinaison de toutes ces herbes<\/p>\n","protected":false},"featured_media":9231,"comment_status":"open","ping_status":"closed","template":"","meta":[],"product_brand":[296],"product_cat":[139,175,132],"product_tag":[],"class_list":{"0":"post-9643","1":"product","2":"type-product","3":"status-publish","4":"has-post-thumbnail","6":"product_brand-garden-of-eden-fr","7":"product_cat-infusions","8":"product_cat-promotion-fr","9":"product_cat-the-en-vrac","11":"first","12":"instock","13":"sale","14":"taxable","15":"shipping-taxable","16":"purchasable","17":"product-type-simple"},"bundled_by":[],"bundle_stock_status":"instock","bundle_stock_quantity":null,"bundle_virtual":false,"bundle_layout":"","bundle_add_to_cart_form_location":"","bundle_editable_in_cart":false,"bundle_sold_individually_context":"","bundle_item_grouping":"","bundle_min_size":"","bundle_max_size":"","bundle_price":[],"bundled_items":[],"bundle_sell_ids":[],"_links":{"self":[{"href":"https:\/\/thee.be\/fr\/wp-json\/wp\/v2\/product\/9643","targetHints":{"allow":["GET"]}}],"collection":[{"href":"https:\/\/thee.be\/fr\/wp-json\/wp\/v2\/product"}],"about":[{"href":"https:\/\/thee.be\/fr\/wp-json\/wp\/v2\/types\/product"}],"replies":[{"embeddable":true,"href":"https:\/\/thee.be\/fr\/wp-json\/wp\/v2\/comments?post=9643"}],"wp:featuredmedia":[{"embeddable":true,"href":"https:\/\/thee.be\/fr\/wp-json\/wp\/v2\/media\/9231"}],"wp:attachment":[{"href":"https:\/\/thee.be\/fr\/wp-json\/wp\/v2\/media?parent=9643"}],"wp:term":[{"taxonomy":"product_brand","embeddable":true,"href":"https:\/\/thee.be\/fr\/wp-json\/wp\/v2\/product_brand?post=9643"},{"taxonomy":"product_cat","embeddable":true,"href":"https:\/\/thee.be\/fr\/wp-json\/wp\/v2\/product_cat?post=9643"},{"taxonomy":"product_tag","embeddable":true,"href":"https:\/\/thee.be\/fr\/wp-json\/wp\/v2\/product_tag?post=9643"}],"curies":[{"name":"wp","href":"https:\/\/api.w.org\/{rel}","templated":true}]}}