{"id":9639,"date":"2022-12-07T11:27:15","date_gmt":"2022-12-07T10:27:15","guid":{"rendered":"https:\/\/thee.be\/?post_type=product&#038;p=9639"},"modified":"2025-11-29T13:29:09","modified_gmt":"2025-11-29T12:29:09","slug":"the-au-gingembre-garden-of-eden","status":"publish","type":"product","link":"https:\/\/thee.be\/fr\/shop\/the-en-vrac\/infusions\/the-au-gingembre-garden-of-eden\/","title":{"rendered":"Th\u00e9 au gingembre \u2013 Garden of Eden"},"content":{"rendered":"<p>Ce th\u00e9 au gingembre de la marque Garden Of Eden est une infusion de base au gingembre qui combine parfaitement plusieurs ingr\u00e9dients fortement aromatiques. Le gingembre apporte une touche \u00e9pic\u00e9e \u00e0 ce th\u00e9, tandis que les morceaux de pomme et de r\u00e9glisse ajoutent une touche sucr\u00e9e. Un m\u00e9lange finement \u00e9quilibr\u00e9 qui ne devrait pas manquer dans votre collection de th\u00e9.<\/p>\n<h3>Composition<\/h3>\n<p>Morceaux de pomme douce, morceaux de gingembre, racine de r\u00e9glisse, citronnelle, menthe poivr\u00e9e.<\/p>\n","protected":false},"excerpt":{"rendered":"<p>Une infusion de gingembre compl\u00e9t\u00e9e par des morceaux de pomme et de citronnelle qui apporte une touche l\u00e9g\u00e8rement sucr\u00e9e.<\/p>\n","protected":false},"featured_media":9248,"comment_status":"open","ping_status":"closed","template":"","meta":[],"product_brand":[296],"product_cat":[139,175,132],"product_tag":[],"class_list":{"0":"post-9639","1":"product","2":"type-product","3":"status-publish","4":"has-post-thumbnail","6":"product_brand-garden-of-eden-fr","7":"product_cat-infusions","8":"product_cat-promotion-fr","9":"product_cat-the-en-vrac","11":"first","12":"instock","13":"sale","14":"taxable","15":"shipping-taxable","16":"purchasable","17":"product-type-simple"},"bundled_by":[],"bundle_stock_status":"instock","bundle_stock_quantity":null,"bundle_virtual":false,"bundle_layout":"","bundle_add_to_cart_form_location":"","bundle_editable_in_cart":false,"bundle_sold_individually_context":"","bundle_item_grouping":"","bundle_min_size":"","bundle_max_size":"","bundle_price":[],"bundled_items":[],"bundle_sell_ids":[],"_links":{"self":[{"href":"https:\/\/thee.be\/fr\/wp-json\/wp\/v2\/product\/9639","targetHints":{"allow":["GET"]}}],"collection":[{"href":"https:\/\/thee.be\/fr\/wp-json\/wp\/v2\/product"}],"about":[{"href":"https:\/\/thee.be\/fr\/wp-json\/wp\/v2\/types\/product"}],"replies":[{"embeddable":true,"href":"https:\/\/thee.be\/fr\/wp-json\/wp\/v2\/comments?post=9639"}],"wp:featuredmedia":[{"embeddable":true,"href":"https:\/\/thee.be\/fr\/wp-json\/wp\/v2\/media\/9248"}],"wp:attachment":[{"href":"https:\/\/thee.be\/fr\/wp-json\/wp\/v2\/media?parent=9639"}],"wp:term":[{"taxonomy":"product_brand","embeddable":true,"href":"https:\/\/thee.be\/fr\/wp-json\/wp\/v2\/product_brand?post=9639"},{"taxonomy":"product_cat","embeddable":true,"href":"https:\/\/thee.be\/fr\/wp-json\/wp\/v2\/product_cat?post=9639"},{"taxonomy":"product_tag","embeddable":true,"href":"https:\/\/thee.be\/fr\/wp-json\/wp\/v2\/product_tag?post=9639"}],"curies":[{"name":"wp","href":"https:\/\/api.w.org\/{rel}","templated":true}]}}