{"id":9288,"date":"2022-12-06T11:07:58","date_gmt":"2022-12-06T10:07:58","guid":{"rendered":"https:\/\/thee.be\/?post_type=product&#038;p=9288"},"modified":"2025-06-05T11:43:24","modified_gmt":"2025-06-05T09:43:24","slug":"set-de-2-tasses-a-the-horizon-350ml","status":"publish","type":"product","link":"https:\/\/thee.be\/fr\/shop\/boire-le-the\/tasses-et-verres-a-the\/tasses-a-the\/set-de-2-tasses-a-the-horizon-350ml\/","title":{"rendered":"Set de 2 tasses \u00e0 th\u00e9 \u00ab\u00a0Horizon\u00a0\u00bb 350ML"},"content":{"rendered":"<p>Ces grands mugs ont des poign\u00e9es subtiles et arrondies et un d\u00e9grad\u00e9 de couleurs. Les couleurs de fond mates soulignent le caract\u00e8re exclusif de ces magnifiques mugs. Le set id\u00e9al pour tous les amateurs de design industriel.<\/p>\n<p><strong>D\u00e9tails :<\/strong><\/p>\n<ul>\n<li>Mat\u00e9riau : c\u00e9ramique<\/li>\n<li>Volume : 350 ml<\/li>\n<\/ul>\n","protected":false},"excerpt":{"rendered":"<p>Un ensemble tendance de 2 mugs en c\u00e9ramique au look industriel. Les deux mugs ont une capacit\u00e9 de 350 ml.<\/p>\n","protected":false},"featured_media":9437,"comment_status":"open","ping_status":"closed","template":"","meta":[],"product_brand":[],"product_cat":[154,152],"product_tag":[],"class_list":{"0":"post-9288","1":"product","2":"type-product","3":"status-publish","4":"has-post-thumbnail","6":"product_cat-tasses-a-the","7":"product_cat-tasses-et-verres-a-the","9":"first","10":"instock","11":"taxable","12":"shipping-taxable","13":"purchasable","14":"product-type-simple"},"bundled_by":[],"bundle_stock_status":"instock","bundle_stock_quantity":1,"bundle_virtual":false,"bundle_layout":"","bundle_add_to_cart_form_location":"","bundle_editable_in_cart":false,"bundle_sold_individually_context":"","bundle_item_grouping":"","bundle_min_size":"","bundle_max_size":"","bundle_price":[],"bundled_items":[],"bundle_sell_ids":[],"_links":{"self":[{"href":"https:\/\/thee.be\/fr\/wp-json\/wp\/v2\/product\/9288","targetHints":{"allow":["GET"]}}],"collection":[{"href":"https:\/\/thee.be\/fr\/wp-json\/wp\/v2\/product"}],"about":[{"href":"https:\/\/thee.be\/fr\/wp-json\/wp\/v2\/types\/product"}],"replies":[{"embeddable":true,"href":"https:\/\/thee.be\/fr\/wp-json\/wp\/v2\/comments?post=9288"}],"wp:featuredmedia":[{"embeddable":true,"href":"https:\/\/thee.be\/fr\/wp-json\/wp\/v2\/media\/9437"}],"wp:attachment":[{"href":"https:\/\/thee.be\/fr\/wp-json\/wp\/v2\/media?parent=9288"}],"wp:term":[{"taxonomy":"product_brand","embeddable":true,"href":"https:\/\/thee.be\/fr\/wp-json\/wp\/v2\/product_brand?post=9288"},{"taxonomy":"product_cat","embeddable":true,"href":"https:\/\/thee.be\/fr\/wp-json\/wp\/v2\/product_cat?post=9288"},{"taxonomy":"product_tag","embeddable":true,"href":"https:\/\/thee.be\/fr\/wp-json\/wp\/v2\/product_tag?post=9288"}],"curies":[{"name":"wp","href":"https:\/\/api.w.org\/{rel}","templated":true}]}}