{"id":9287,"date":"2022-11-22T11:08:52","date_gmt":"2022-11-22T10:08:52","guid":{"rendered":"https:\/\/thee.be\/?post_type=product&#038;p=9287"},"modified":"2025-06-25T19:00:30","modified_gmt":"2025-06-25T17:00:30","slug":"set-de-2-boites-a-the-lian-hua-100-gr","status":"publish","type":"product","link":"https:\/\/thee.be\/fr\/shop\/conserver-le-the\/set-de-2-boites-a-the-lian-hua-100-gr\/","title":{"rendered":"Set de 2 bo\u00eetes \u00e0 th\u00e9 \u00ab\u00a0Lian Hua\u00a0\u00bb 100 gr"},"content":{"rendered":"<p>Cet ensemble de 2 magnifiques bo\u00eetes \u00e0 th\u00e9 est livr\u00e9 dans une jolie bo\u00eete dor\u00e9e. Les bo\u00eetes portent l&rsquo;inscription \u00ab\u00a0th\u00e9\u00a0\u00bb ainsi que le signe chinois pour le th\u00e9. Les deux bo\u00eetes sont d\u00e9cor\u00e9es de fleurs chinoises. L&rsquo;ensemble id\u00e9al pour conserver le d\u00e9licieux th\u00e9 chinois. C&rsquo;est aussi un excellent cadeau !<\/p>\n<p>Chaque bo\u00eete de th\u00e9 peut contenir environ 100 grammes de th\u00e9, en fonction du volume des feuilles de th\u00e9.<\/p>\n<p><strong>D\u00e9tails :<\/strong><\/p>\n<ul>\n<li>Hauteur : 12,5 cm<\/li>\n<li>Diam\u00e8tre : 6,5 cm<\/li>\n<\/ul>\n","protected":false},"excerpt":{"rendered":"<p>Un magnifique ensemble de 2 bo\u00eetes de th\u00e9 noir \u00e9tiquet\u00e9es \u00ab\u00a0th\u00e9\u00a0\u00bb et bo\u00eete assortie.<\/p>\n","protected":false},"featured_media":9265,"comment_status":"open","ping_status":"closed","template":"","meta":[],"product_brand":[],"product_cat":[133],"product_tag":[],"class_list":{"0":"post-9287","1":"product","2":"type-product","3":"status-publish","4":"has-post-thumbnail","6":"product_cat-conserver-le-the","8":"first","9":"outofstock","10":"taxable","11":"shipping-taxable","12":"purchasable","13":"product-type-simple"},"bundled_by":[],"bundle_stock_status":"outofstock","bundle_stock_quantity":0,"bundle_virtual":false,"bundle_layout":"","bundle_add_to_cart_form_location":"","bundle_editable_in_cart":false,"bundle_sold_individually_context":"","bundle_item_grouping":"","bundle_min_size":"","bundle_max_size":"","bundle_price":[],"bundled_items":[],"bundle_sell_ids":[],"_links":{"self":[{"href":"https:\/\/thee.be\/fr\/wp-json\/wp\/v2\/product\/9287","targetHints":{"allow":["GET"]}}],"collection":[{"href":"https:\/\/thee.be\/fr\/wp-json\/wp\/v2\/product"}],"about":[{"href":"https:\/\/thee.be\/fr\/wp-json\/wp\/v2\/types\/product"}],"replies":[{"embeddable":true,"href":"https:\/\/thee.be\/fr\/wp-json\/wp\/v2\/comments?post=9287"}],"wp:featuredmedia":[{"embeddable":true,"href":"https:\/\/thee.be\/fr\/wp-json\/wp\/v2\/media\/9265"}],"wp:attachment":[{"href":"https:\/\/thee.be\/fr\/wp-json\/wp\/v2\/media?parent=9287"}],"wp:term":[{"taxonomy":"product_brand","embeddable":true,"href":"https:\/\/thee.be\/fr\/wp-json\/wp\/v2\/product_brand?post=9287"},{"taxonomy":"product_cat","embeddable":true,"href":"https:\/\/thee.be\/fr\/wp-json\/wp\/v2\/product_cat?post=9287"},{"taxonomy":"product_tag","embeddable":true,"href":"https:\/\/thee.be\/fr\/wp-json\/wp\/v2\/product_tag?post=9287"}],"curies":[{"name":"wp","href":"https:\/\/api.w.org\/{rel}","templated":true}]}}