{"id":9285,"date":"2022-11-15T10:56:09","date_gmt":"2022-11-15T09:56:09","guid":{"rendered":"https:\/\/thee.be\/?post_type=product&#038;p=9285"},"modified":"2024-09-20T11:14:06","modified_gmt":"2024-09-20T09:14:06","slug":"set-de-2-tasses-a-the-relax-350ml","status":"publish","type":"product","link":"https:\/\/thee.be\/fr\/shop\/boire-le-the\/tasses-et-verres-a-the\/tasses-a-the\/set-de-2-tasses-a-the-relax-350ml\/","title":{"rendered":"Set de 2 tasses \u00e0 th\u00e9 \u00ab\u00a0Relax\u00a0\u00bb 350ml"},"content":{"rendered":"<p>Ces magnifiques tasses modernes ont \u00e9t\u00e9 fabriqu\u00e9es en c\u00e9ramique. Les sph\u00e8res et les points noirs ajoutent une touche ludique. Chaque mug a une capacit\u00e9 maximale de 35 cl.<\/p>\n<p><strong>D\u00e9tails :<\/strong><\/p>\n<ul>\n<li>Capacit\u00e9 : 350 ml<\/li>\n<li>Mat\u00e9riau : C\u00e9ramique<\/li>\n<\/ul>\n","protected":false},"excerpt":{"rendered":"<p>Un ensemble moderne de 2 tasses en c\u00e9ramique pour se d\u00e9tendre. Les deux mugs ont une capacit\u00e9 de 350ml.<\/p>\n","protected":false},"featured_media":9255,"comment_status":"open","ping_status":"closed","template":"","meta":[],"product_brand":[],"product_cat":[154,152],"product_tag":[],"class_list":{"0":"post-9285","1":"product","2":"type-product","3":"status-publish","4":"has-post-thumbnail","6":"product_cat-tasses-a-the","7":"product_cat-tasses-et-verres-a-the","9":"first","10":"instock","11":"taxable","12":"shipping-taxable","13":"purchasable","14":"product-type-simple"},"bundled_by":[],"bundle_stock_status":"instock","bundle_stock_quantity":9,"bundle_virtual":false,"bundle_layout":"","bundle_add_to_cart_form_location":"","bundle_editable_in_cart":false,"bundle_sold_individually_context":"","bundle_item_grouping":"","bundle_min_size":"","bundle_max_size":"","bundle_price":[],"bundled_items":[],"bundle_sell_ids":[],"_links":{"self":[{"href":"https:\/\/thee.be\/fr\/wp-json\/wp\/v2\/product\/9285","targetHints":{"allow":["GET"]}}],"collection":[{"href":"https:\/\/thee.be\/fr\/wp-json\/wp\/v2\/product"}],"about":[{"href":"https:\/\/thee.be\/fr\/wp-json\/wp\/v2\/types\/product"}],"replies":[{"embeddable":true,"href":"https:\/\/thee.be\/fr\/wp-json\/wp\/v2\/comments?post=9285"}],"wp:featuredmedia":[{"embeddable":true,"href":"https:\/\/thee.be\/fr\/wp-json\/wp\/v2\/media\/9255"}],"wp:attachment":[{"href":"https:\/\/thee.be\/fr\/wp-json\/wp\/v2\/media?parent=9285"}],"wp:term":[{"taxonomy":"product_brand","embeddable":true,"href":"https:\/\/thee.be\/fr\/wp-json\/wp\/v2\/product_brand?post=9285"},{"taxonomy":"product_cat","embeddable":true,"href":"https:\/\/thee.be\/fr\/wp-json\/wp\/v2\/product_cat?post=9285"},{"taxonomy":"product_tag","embeddable":true,"href":"https:\/\/thee.be\/fr\/wp-json\/wp\/v2\/product_tag?post=9285"}],"curies":[{"name":"wp","href":"https:\/\/api.w.org\/{rel}","templated":true}]}}