{"id":7764,"date":"2022-07-04T15:44:23","date_gmt":"2022-07-04T13:44:23","guid":{"rendered":"https:\/\/thee.be\/?post_type=product&#038;p=7764"},"modified":"2026-02-10T13:54:51","modified_gmt":"2026-02-10T12:54:51","slug":"rooibos-orange-shuffle","status":"publish","type":"product","link":"https:\/\/thee.be\/fr\/shop\/the-en-vrac\/infusions\/rooibos-orange-shuffle\/","title":{"rendered":"Rooibos &#038; Orange Shuffle"},"content":{"rendered":"<p>Le rooibos, toujours populaire, devient fruit\u00e9 dans ce m\u00e9lange. La note naturellement \u00e9pic\u00e9e de ce rooibos sud-africain s&rsquo;harmonise parfaitement avec les notes sucr\u00e9es de l&rsquo;orange. Il y a \u00e9galement un soup\u00e7on de vanille dans cette combinaison. La combinaison de rooibos, d&rsquo;orange et de vanille dans un m\u00e9lange traditionnel est extr\u00eamement populaire dans le monde entier depuis de nombreuses ann\u00e9es. Une touche originale dans ce Rooibos &amp; Orange Shuffle sont les \u00e9corces de f\u00e8ves de cacao qui donnent une touche tr\u00e8s subtile de chocolat \u00e0 cette infusion.<\/p>\n<p>Un m\u00e9lange aux nuances complexes et chaudes qui doit \u00eatre go\u00fbt\u00e9.<\/p>\n<h3>Ingr\u00e9dients<\/h3>\n<p>Rooibos, morceaux de cacao (30%), \u00e9corces de cacao (10%), \u00e9corce d&rsquo;orange, huile d&rsquo;orange, extrait naturel de vanille bourbon, ar\u00f4me naturel de tonka.<\/p>\n","protected":false},"excerpt":{"rendered":"<p>Un m\u00e9lange ensoleill\u00e9 de rooibos sud-africain associ\u00e9 \u00e0 de l&rsquo;orange. Vous trouverez \u00e9galement des notes de vanille et de chocolat. Une infusion d&rsquo;herbes \u00e9tonnamment douce et fruit\u00e9e qui conquiert de nombreux c\u0153urs.<\/p>\n","protected":false},"featured_media":8177,"comment_status":"open","ping_status":"closed","template":"","meta":[],"product_brand":[],"product_cat":[139,132],"product_tag":[],"class_list":{"0":"post-7764","1":"product","2":"type-product","3":"status-publish","4":"has-post-thumbnail","6":"product_cat-infusions","7":"product_cat-the-en-vrac","9":"first","10":"instock","11":"taxable","12":"shipping-taxable","13":"purchasable","14":"product-type-simple"},"bundled_by":[],"bundle_stock_status":"instock","bundle_stock_quantity":null,"bundle_virtual":false,"bundle_layout":"","bundle_add_to_cart_form_location":"","bundle_editable_in_cart":false,"bundle_sold_individually_context":"","bundle_item_grouping":"","bundle_min_size":"","bundle_max_size":"","bundle_price":[],"bundled_items":[],"bundle_sell_ids":[],"_links":{"self":[{"href":"https:\/\/thee.be\/fr\/wp-json\/wp\/v2\/product\/7764","targetHints":{"allow":["GET"]}}],"collection":[{"href":"https:\/\/thee.be\/fr\/wp-json\/wp\/v2\/product"}],"about":[{"href":"https:\/\/thee.be\/fr\/wp-json\/wp\/v2\/types\/product"}],"replies":[{"embeddable":true,"href":"https:\/\/thee.be\/fr\/wp-json\/wp\/v2\/comments?post=7764"}],"wp:featuredmedia":[{"embeddable":true,"href":"https:\/\/thee.be\/fr\/wp-json\/wp\/v2\/media\/8177"}],"wp:attachment":[{"href":"https:\/\/thee.be\/fr\/wp-json\/wp\/v2\/media?parent=7764"}],"wp:term":[{"taxonomy":"product_brand","embeddable":true,"href":"https:\/\/thee.be\/fr\/wp-json\/wp\/v2\/product_brand?post=7764"},{"taxonomy":"product_cat","embeddable":true,"href":"https:\/\/thee.be\/fr\/wp-json\/wp\/v2\/product_cat?post=7764"},{"taxonomy":"product_tag","embeddable":true,"href":"https:\/\/thee.be\/fr\/wp-json\/wp\/v2\/product_tag?post=7764"}],"curies":[{"name":"wp","href":"https:\/\/api.w.org\/{rel}","templated":true}]}}