{"id":7500,"date":"2020-11-23T22:45:12","date_gmt":"2020-11-23T21:45:12","guid":{"rendered":"https:\/\/thee.be\/?post_type=product&#038;p=7500"},"modified":"2023-06-19T15:05:49","modified_gmt":"2023-06-19T13:05:49","slug":"minuterie-a-the","status":"publish","type":"product","link":"https:\/\/thee.be\/fr\/shop\/la-preparation-du-the\/minuteurs\/minuterie-a-the\/","title":{"rendered":"Minuterie \u00e0 th\u00e9"},"content":{"rendered":"<p>Chaque th\u00e9 a un temps d&rsquo;infusion id\u00e9al. Selon le th\u00e9 et vos pr\u00e9f\u00e9rences, vous pouvez laisser infuser vos feuilles de th\u00e9 plus ou moins longtemps. Avec ce sablier, vous pouvez r\u00e9aliser la tasse parfaite en un rien de temps. Les trois sabliers couvrent tous un temps diff\u00e9rent. Ainsi, vous pouvez facilement garder un \u0153il sur la dur\u00e9e d&rsquo;infusion de votre tasse.<\/p>\n<p>Ce sablier poss\u00e8de trois minutages : 3 minutes, 4 pi\u00e8ces et 5 minutes. Respectivement pour une tasse douce, moyenne ou forte.<\/p>\n","protected":false},"excerpt":{"rendered":"<p>Ce trio de sabliers est une fa\u00e7on amusante de pr\u00e9parer la parfaite tasse de th\u00e9.<\/p>\n","protected":false},"featured_media":1910,"comment_status":"open","ping_status":"closed","template":"","meta":[],"product_brand":[],"product_cat":[160],"product_tag":[],"class_list":{"0":"post-7500","1":"product","2":"type-product","3":"status-publish","4":"has-post-thumbnail","6":"product_cat-minuteurs","8":"first","9":"instock","10":"taxable","11":"shipping-taxable","12":"purchasable","13":"product-type-simple"},"bundled_by":[],"bundle_stock_status":"instock","bundle_stock_quantity":2,"bundle_virtual":false,"bundle_layout":"","bundle_add_to_cart_form_location":"","bundle_editable_in_cart":false,"bundle_sold_individually_context":"","bundle_item_grouping":"","bundle_min_size":"","bundle_max_size":"","bundle_price":[],"bundled_items":[],"bundle_sell_ids":[],"_links":{"self":[{"href":"https:\/\/thee.be\/fr\/wp-json\/wp\/v2\/product\/7500","targetHints":{"allow":["GET"]}}],"collection":[{"href":"https:\/\/thee.be\/fr\/wp-json\/wp\/v2\/product"}],"about":[{"href":"https:\/\/thee.be\/fr\/wp-json\/wp\/v2\/types\/product"}],"replies":[{"embeddable":true,"href":"https:\/\/thee.be\/fr\/wp-json\/wp\/v2\/comments?post=7500"}],"wp:featuredmedia":[{"embeddable":true,"href":"https:\/\/thee.be\/fr\/wp-json\/wp\/v2\/media\/1910"}],"wp:attachment":[{"href":"https:\/\/thee.be\/fr\/wp-json\/wp\/v2\/media?parent=7500"}],"wp:term":[{"taxonomy":"product_brand","embeddable":true,"href":"https:\/\/thee.be\/fr\/wp-json\/wp\/v2\/product_brand?post=7500"},{"taxonomy":"product_cat","embeddable":true,"href":"https:\/\/thee.be\/fr\/wp-json\/wp\/v2\/product_cat?post=7500"},{"taxonomy":"product_tag","embeddable":true,"href":"https:\/\/thee.be\/fr\/wp-json\/wp\/v2\/product_tag?post=7500"}],"curies":[{"name":"wp","href":"https:\/\/api.w.org\/{rel}","templated":true}]}}