{"id":7280,"date":"2021-03-11T17:17:27","date_gmt":"2022-05-27T09:07:06","guid":{"rendered":"https:\/\/thee.be\/?post_type=product&#038;p=7280"},"modified":"2024-08-05T10:55:36","modified_gmt":"2024-08-05T08:55:36","slug":"tasse-a-the-geante-500ml","status":"publish","type":"product","link":"https:\/\/thee.be\/fr\/shop\/boire-le-the\/tasses-et-verres-a-the\/tasses-a-the\/tasse-a-the-geante-500ml\/","title":{"rendered":"Tasse \u00e0 th\u00e9 g\u00e9ante 500ml"},"content":{"rendered":"<p>Un tasse \u00e0 th\u00e9 pour les vrais adeptes du th\u00e9. Avec sa grande capacit\u00e9 de 500 ml, c&rsquo;est la tasse id\u00e9ale pour se pr\u00e9lasser sur le canap\u00e9. Le grand tasse est accompagn\u00e9 d&rsquo;un sous-verre assorti.<\/p>\n<p>Son caract\u00e8re intemporel en fait un cadeau id\u00e9al pour un amateur de th\u00e9.<\/p>\n","protected":false},"excerpt":{"rendered":"<p>Ce tasse \u00e0 th\u00e9 blanc a une capacit\u00e9 de 500ml et est donc destin\u00e9 aux vrais fanatiques du th\u00e9. Livr\u00e9 avec un sous-verre assorti.<\/p>\n","protected":false},"featured_media":3195,"comment_status":"open","ping_status":"closed","template":"","meta":[],"product_brand":[],"product_cat":[154],"product_tag":[],"class_list":{"0":"post-7280","1":"product","2":"type-product","3":"status-publish","4":"has-post-thumbnail","6":"product_cat-tasses-a-the","8":"first","9":"outofstock","10":"taxable","11":"shipping-taxable","12":"purchasable","13":"product-type-simple"},"bundled_by":[],"bundle_stock_status":"outofstock","bundle_stock_quantity":0,"bundle_virtual":false,"bundle_layout":"","bundle_add_to_cart_form_location":"","bundle_editable_in_cart":false,"bundle_sold_individually_context":"","bundle_item_grouping":"","bundle_min_size":"","bundle_max_size":"","bundle_price":[],"bundled_items":[],"bundle_sell_ids":[],"_links":{"self":[{"href":"https:\/\/thee.be\/fr\/wp-json\/wp\/v2\/product\/7280","targetHints":{"allow":["GET"]}}],"collection":[{"href":"https:\/\/thee.be\/fr\/wp-json\/wp\/v2\/product"}],"about":[{"href":"https:\/\/thee.be\/fr\/wp-json\/wp\/v2\/types\/product"}],"replies":[{"embeddable":true,"href":"https:\/\/thee.be\/fr\/wp-json\/wp\/v2\/comments?post=7280"}],"wp:featuredmedia":[{"embeddable":true,"href":"https:\/\/thee.be\/fr\/wp-json\/wp\/v2\/media\/3195"}],"wp:attachment":[{"href":"https:\/\/thee.be\/fr\/wp-json\/wp\/v2\/media?parent=7280"}],"wp:term":[{"taxonomy":"product_brand","embeddable":true,"href":"https:\/\/thee.be\/fr\/wp-json\/wp\/v2\/product_brand?post=7280"},{"taxonomy":"product_cat","embeddable":true,"href":"https:\/\/thee.be\/fr\/wp-json\/wp\/v2\/product_cat?post=7280"},{"taxonomy":"product_tag","embeddable":true,"href":"https:\/\/thee.be\/fr\/wp-json\/wp\/v2\/product_tag?post=7280"}],"curies":[{"name":"wp","href":"https:\/\/api.w.org\/{rel}","templated":true}]}}