{"id":7266,"date":"2020-11-21T11:38:14","date_gmt":"2022-05-25T13:11:12","guid":{"rendered":"https:\/\/thee.be\/?post_type=product&#038;p=7266"},"modified":"2024-09-20T10:33:27","modified_gmt":"2024-09-20T08:33:27","slug":"chauffe-theiere-avec-bougie-en-acier-inoxydable","status":"publish","type":"product","link":"https:\/\/thee.be\/fr\/shop\/boire-le-the\/theieres\/socle\/chauffe-theiere-avec-bougie-en-acier-inoxydable\/","title":{"rendered":"Chauffe-th\u00e9i\u00e8re avec bougie en acier inoxydable"},"content":{"rendered":"<p>Ce sous-verre en acier inoxydable avec bougie garde votre th\u00e9 chaud, tasse apr\u00e8s tasse. Ce mod\u00e8le classique reste un best-seller gr\u00e2ce \u00e0 son aspect polyvalent et \u00e0 son design \u00e9l\u00e9gant. Parfait pour \u00eatre plac\u00e9 au milieu de la table lorsque vous recevez des invit\u00e9s ou lorsque vous voulez vous verser un grand pot de th\u00e9 et le garder au chaud.<\/p>\n<p>Souvent combin\u00e9 avec une th\u00e9i\u00e8re en verre o\u00f9 l&rsquo;on peut voir le d\u00e9ploiement des feuilles.<\/p>\n","protected":false},"excerpt":{"rendered":"<p>Sous-verre discret avec bougie en acier inoxydable. Une bougie de cire normale s&rsquo;y ins\u00e8re.<\/p>\n","protected":false},"featured_media":2503,"comment_status":"open","ping_status":"closed","template":"","meta":[],"product_brand":[],"product_cat":[148],"product_tag":[],"class_list":{"0":"post-7266","1":"product","2":"type-product","3":"status-publish","4":"has-post-thumbnail","6":"product_cat-socle","8":"first","9":"instock","10":"taxable","11":"shipping-taxable","12":"purchasable","13":"product-type-simple"},"bundled_by":[],"bundle_stock_status":"instock","bundle_stock_quantity":8,"bundle_virtual":false,"bundle_layout":"","bundle_add_to_cart_form_location":"","bundle_editable_in_cart":false,"bundle_sold_individually_context":"","bundle_item_grouping":"","bundle_min_size":"","bundle_max_size":"","bundle_price":[],"bundled_items":[],"bundle_sell_ids":[],"_links":{"self":[{"href":"https:\/\/thee.be\/fr\/wp-json\/wp\/v2\/product\/7266","targetHints":{"allow":["GET"]}}],"collection":[{"href":"https:\/\/thee.be\/fr\/wp-json\/wp\/v2\/product"}],"about":[{"href":"https:\/\/thee.be\/fr\/wp-json\/wp\/v2\/types\/product"}],"replies":[{"embeddable":true,"href":"https:\/\/thee.be\/fr\/wp-json\/wp\/v2\/comments?post=7266"}],"wp:featuredmedia":[{"embeddable":true,"href":"https:\/\/thee.be\/fr\/wp-json\/wp\/v2\/media\/2503"}],"wp:attachment":[{"href":"https:\/\/thee.be\/fr\/wp-json\/wp\/v2\/media?parent=7266"}],"wp:term":[{"taxonomy":"product_brand","embeddable":true,"href":"https:\/\/thee.be\/fr\/wp-json\/wp\/v2\/product_brand?post=7266"},{"taxonomy":"product_cat","embeddable":true,"href":"https:\/\/thee.be\/fr\/wp-json\/wp\/v2\/product_cat?post=7266"},{"taxonomy":"product_tag","embeddable":true,"href":"https:\/\/thee.be\/fr\/wp-json\/wp\/v2\/product_tag?post=7266"}],"curies":[{"name":"wp","href":"https:\/\/api.w.org\/{rel}","templated":true}]}}