{"id":7133,"date":"2021-11-05T14:11:11","date_gmt":"2022-05-17T08:25:50","guid":{"rendered":"https:\/\/thee.be\/?post_type=product&#038;p=7133"},"modified":"2024-09-25T11:49:00","modified_gmt":"2024-09-25T09:49:00","slug":"pure-sage","status":"publish","type":"product","link":"https:\/\/thee.be\/fr\/shop\/the-en-vrac\/infusions\/pure-sage\/","title":{"rendered":"Pure Sage"},"content":{"rendered":"<p>Ce th\u00e9 \u00e0 la sauge est compos\u00e9 de feuilles de sauge s\u00e9ch\u00e9es et coup\u00e9es. La sauge a un go\u00fbt l\u00e9g\u00e8rement sucr\u00e9 et est souvent consomm\u00e9e le soir en infusion, car elle ne contient pas de caf\u00e9ine. La sauge a un go\u00fbt frais et \u00e9pic\u00e9 et donne une sensation de chaleur.<\/p>\n<p>La sauge poss\u00e8de naturellement de nombreux antioxydants et substances anti-inflammatoires. Il est donc souvent lou\u00e9 pour ses bienfaits pour la sant\u00e9. Le th\u00e9 \u00e0 la sauge est largement consomm\u00e9 au Moyen-Orient et est \u00e9galement donn\u00e9 aux femmes enceintes pour pr\u00e9venir les naus\u00e9es pendant la grossesse.<\/p>\n<p>Il est \u00e9galement d\u00e9licieux avec un peu de miel et de citron.<\/p>\n","protected":false},"excerpt":{"rendered":"<p>Ce th\u00e9 \u00e0 la sauge est compos\u00e9 de feuilles de sauge s\u00e9ch\u00e9es et coup\u00e9es. La sauge a un go\u00fbt l\u00e9g\u00e8rement<\/p>\n","protected":false},"featured_media":4932,"comment_status":"open","ping_status":"closed","template":"","meta":[],"product_brand":[],"product_cat":[139,132],"product_tag":[],"class_list":{"0":"post-7133","1":"product","2":"type-product","3":"status-publish","4":"has-post-thumbnail","6":"product_cat-infusions","7":"product_cat-the-en-vrac","9":"first","10":"instock","11":"taxable","12":"shipping-taxable","13":"purchasable","14":"product-type-simple"},"bundled_by":[],"bundle_stock_status":"instock","bundle_stock_quantity":0,"bundle_virtual":false,"bundle_layout":"","bundle_add_to_cart_form_location":"","bundle_editable_in_cart":false,"bundle_sold_individually_context":"","bundle_item_grouping":"","bundle_min_size":"","bundle_max_size":"","bundle_price":[],"bundled_items":[],"bundle_sell_ids":[],"_links":{"self":[{"href":"https:\/\/thee.be\/fr\/wp-json\/wp\/v2\/product\/7133","targetHints":{"allow":["GET"]}}],"collection":[{"href":"https:\/\/thee.be\/fr\/wp-json\/wp\/v2\/product"}],"about":[{"href":"https:\/\/thee.be\/fr\/wp-json\/wp\/v2\/types\/product"}],"replies":[{"embeddable":true,"href":"https:\/\/thee.be\/fr\/wp-json\/wp\/v2\/comments?post=7133"}],"wp:featuredmedia":[{"embeddable":true,"href":"https:\/\/thee.be\/fr\/wp-json\/wp\/v2\/media\/4932"}],"wp:attachment":[{"href":"https:\/\/thee.be\/fr\/wp-json\/wp\/v2\/media?parent=7133"}],"wp:term":[{"taxonomy":"product_brand","embeddable":true,"href":"https:\/\/thee.be\/fr\/wp-json\/wp\/v2\/product_brand?post=7133"},{"taxonomy":"product_cat","embeddable":true,"href":"https:\/\/thee.be\/fr\/wp-json\/wp\/v2\/product_cat?post=7133"},{"taxonomy":"product_tag","embeddable":true,"href":"https:\/\/thee.be\/fr\/wp-json\/wp\/v2\/product_tag?post=7133"}],"curies":[{"name":"wp","href":"https:\/\/api.w.org\/{rel}","templated":true}]}}