{"id":7132,"date":"2021-12-23T15:03:22","date_gmt":"2022-05-17T08:20:05","guid":{"rendered":"https:\/\/thee.be\/?post_type=product&#038;p=7132"},"modified":"2023-10-12T16:35:30","modified_gmt":"2023-10-12T14:35:30","slug":"rose-musquee-pure","status":"publish","type":"product","link":"https:\/\/thee.be\/fr\/shop\/the-en-vrac\/infusions\/rose-musquee-pure\/","title":{"rendered":"Rose musqu\u00e9e pure"},"content":{"rendered":"<p>Le rosier muscat peut atteindre jusqu&rsquo;\u00e0 5 m\u00e8tres de haut. Nous nous procurons nos \u00e9glantiers en Afrique du Sud, o\u00f9 ils sont s\u00e9ch\u00e9s dans des po\u00eales \u00e0 bois. Cela donne un d\u00e9licieux th\u00e9 d&rsquo;\u00e9glantier lorsque vous faites infuser les coques d&rsquo;\u00e9glantier dans de l&rsquo;eau chaude.<\/p>\n<p>Le rose musqu\u00e9 est \u00e9galement un tr\u00e8s bon fruit \u00e0 utiliser soi-m\u00eame. Il se marie bien avec les fruits rouges et l&rsquo;hibiscus. C&rsquo;est l&rsquo;ingr\u00e9dient d&rsquo;un th\u00e9 classique aux fruits rouges et ce n&rsquo;est pas sans raison, l&rsquo;\u00e9glantier a gagn\u00e9 cette position par son go\u00fbt d\u00e9licieux.<\/p>\n<p>Saviez-vous que l&rsquo;\u00e9glantier peut \u00e9galement avoir de nombreux avantages pour votre corps ?<\/p>\n","protected":false},"excerpt":{"rendered":"<p>Les fruits secs de l&rsquo;\u00e9glantier se transforment en une d\u00e9licieuse infusion en un rien de temps. A boire pur ou en combinaison avec d&rsquo;autres herbes.<\/p>\n","protected":false},"featured_media":5507,"comment_status":"open","ping_status":"closed","template":"","meta":[],"product_brand":[],"product_cat":[139,132],"product_tag":[],"class_list":{"0":"post-7132","1":"product","2":"type-product","3":"status-publish","4":"has-post-thumbnail","6":"product_cat-infusions","7":"product_cat-the-en-vrac","9":"first","10":"instock","11":"taxable","12":"shipping-taxable","13":"purchasable","14":"product-type-simple"},"bundled_by":[],"bundle_stock_status":"instock","bundle_stock_quantity":90,"bundle_virtual":false,"bundle_layout":"","bundle_add_to_cart_form_location":"","bundle_editable_in_cart":false,"bundle_sold_individually_context":"","bundle_item_grouping":"","bundle_min_size":"","bundle_max_size":"","bundle_price":[],"bundled_items":[],"bundle_sell_ids":[],"_links":{"self":[{"href":"https:\/\/thee.be\/fr\/wp-json\/wp\/v2\/product\/7132","targetHints":{"allow":["GET"]}}],"collection":[{"href":"https:\/\/thee.be\/fr\/wp-json\/wp\/v2\/product"}],"about":[{"href":"https:\/\/thee.be\/fr\/wp-json\/wp\/v2\/types\/product"}],"replies":[{"embeddable":true,"href":"https:\/\/thee.be\/fr\/wp-json\/wp\/v2\/comments?post=7132"}],"wp:featuredmedia":[{"embeddable":true,"href":"https:\/\/thee.be\/fr\/wp-json\/wp\/v2\/media\/5507"}],"wp:attachment":[{"href":"https:\/\/thee.be\/fr\/wp-json\/wp\/v2\/media?parent=7132"}],"wp:term":[{"taxonomy":"product_brand","embeddable":true,"href":"https:\/\/thee.be\/fr\/wp-json\/wp\/v2\/product_brand?post=7132"},{"taxonomy":"product_cat","embeddable":true,"href":"https:\/\/thee.be\/fr\/wp-json\/wp\/v2\/product_cat?post=7132"},{"taxonomy":"product_tag","embeddable":true,"href":"https:\/\/thee.be\/fr\/wp-json\/wp\/v2\/product_tag?post=7132"}],"curies":[{"name":"wp","href":"https:\/\/api.w.org\/{rel}","templated":true}]}}