{"id":7066,"date":"2022-02-11T18:44:06","date_gmt":"2022-05-11T09:08:52","guid":{"rendered":"https:\/\/thee.be\/?post_type=product&#038;p=7066"},"modified":"2025-08-28T19:07:47","modified_gmt":"2025-08-28T17:07:47","slug":"green-wakame","status":"publish","type":"product","link":"https:\/\/thee.be\/fr\/shop\/the-en-vrac\/melanges\/green-wakame\/","title":{"rendered":"Green Wakame"},"content":{"rendered":"<p>L&rsquo;association du th\u00e9 vert &#8211; issu de la Camelia Sinensis &#8211; et du mat\u00e9 br\u00e9silien &#8211; Ilex Paraguariensis ou plante Yerba mat\u00e9 &#8211; apporte un v\u00e9ritable coup de fouet, mais la grande vedette de ce m\u00e9lange est bien s\u00fbr l&rsquo;algue, le wakam\u00e9. Le wakame est connu pour ses nombreux bienfaits pour la sant\u00e9, et bien qu&rsquo;il soit surtout connu comme ingr\u00e9dient pour les soupes de brume et autres, sa combinaison avec le th\u00e9 ne doit pas \u00eatre sous-estim\u00e9e.<\/p>\n<p>Ce m\u00e9lange est \u00e9tonnamment savoureux et d\u00e9licieusement frais gr\u00e2ce \u00e0 l&rsquo;association avec le citron ! Un m\u00e9lange incontournable qui restera dans votre armoire \u00e0 th\u00e9 !<\/p>\n<h3>Composition<\/h3>\n<p>Th\u00e9 vert (78%), mat\u00e9 br\u00e9silien, morceaux d&rsquo;algues (6%), citronnelle, ar\u00f4me naturel de citron et ar\u00f4mes naturels.<\/p>\n","protected":false},"excerpt":{"rendered":"<p>La saveur typique du Sencha vert se marie parfaitement avec le wakame et la citronnelle dans ce m\u00e9lange. Un m\u00e9lange de th\u00e9 vert extr\u00eamement surprenant et frais qui a d\u00e9j\u00e0 conquis de nombreux c\u0153urs !<\/p>\n","protected":false},"featured_media":6221,"comment_status":"open","ping_status":"closed","template":"","meta":[],"product_brand":[],"product_cat":[137,138],"product_tag":[],"class_list":{"0":"post-7066","1":"product","2":"type-product","3":"status-publish","4":"has-post-thumbnail","6":"product_cat-melanges","7":"product_cat-the-vert","9":"first","10":"instock","11":"taxable","12":"shipping-taxable","13":"purchasable","14":"product-type-simple"},"bundled_by":[],"bundle_stock_status":"instock","bundle_stock_quantity":null,"bundle_virtual":false,"bundle_layout":"","bundle_add_to_cart_form_location":"","bundle_editable_in_cart":false,"bundle_sold_individually_context":"","bundle_item_grouping":"","bundle_min_size":"","bundle_max_size":"","bundle_price":[],"bundled_items":[],"bundle_sell_ids":[],"_links":{"self":[{"href":"https:\/\/thee.be\/fr\/wp-json\/wp\/v2\/product\/7066","targetHints":{"allow":["GET"]}}],"collection":[{"href":"https:\/\/thee.be\/fr\/wp-json\/wp\/v2\/product"}],"about":[{"href":"https:\/\/thee.be\/fr\/wp-json\/wp\/v2\/types\/product"}],"replies":[{"embeddable":true,"href":"https:\/\/thee.be\/fr\/wp-json\/wp\/v2\/comments?post=7066"}],"wp:featuredmedia":[{"embeddable":true,"href":"https:\/\/thee.be\/fr\/wp-json\/wp\/v2\/media\/6221"}],"wp:attachment":[{"href":"https:\/\/thee.be\/fr\/wp-json\/wp\/v2\/media?parent=7066"}],"wp:term":[{"taxonomy":"product_brand","embeddable":true,"href":"https:\/\/thee.be\/fr\/wp-json\/wp\/v2\/product_brand?post=7066"},{"taxonomy":"product_cat","embeddable":true,"href":"https:\/\/thee.be\/fr\/wp-json\/wp\/v2\/product_cat?post=7066"},{"taxonomy":"product_tag","embeddable":true,"href":"https:\/\/thee.be\/fr\/wp-json\/wp\/v2\/product_tag?post=7066"}],"curies":[{"name":"wp","href":"https:\/\/api.w.org\/{rel}","templated":true}]}}