{"id":35347,"date":"2026-01-29T10:40:50","date_gmt":"2026-01-29T09:40:50","guid":{"rendered":"https:\/\/thee.be\/?post_type=product&#038;p=35347"},"modified":"2026-01-30T17:05:57","modified_gmt":"2026-01-30T16:05:57","slug":"couvre-theiere-chick-chicken","status":"publish","type":"product","link":"https:\/\/thee.be\/fr\/shop\/boire-le-the\/theieres\/couvre-theieres\/couvre-theiere-chick-chicken\/","title":{"rendered":"Couvre-th\u00e9i\u00e8re \u201cChick Chicken\u201d"},"content":{"rendered":"<p>Donnez une touche joyeuse \u00e0 votre cuisine avec le couvre-th\u00e9i\u00e8re Chick Chicken d&rsquo;Ulster Weavers. Son design ludique aux couleurs vives et son imprim\u00e9 \u00e0 pois contrast\u00e9s apportent imm\u00e9diatement du caract\u00e8re et de l&rsquo;humour.<\/p>\n<p>Le couvre-th\u00e9i\u00e8re est dot\u00e9 d&rsquo;un rembourrage \u00e9pais qui garde votre th\u00e9 au chaud plus longtemps et convient aux th\u00e9i\u00e8res jusqu&rsquo;\u00e0 1,2 litre. Il est orn\u00e9 de d\u00e9tails \u00e9l\u00e9gants et d&rsquo;une boucle de suspension pratique.<\/p>\n<p>Un couvre-th\u00e9i\u00e8re pratique et original, fabriqu\u00e9 avec le savoir-faire et la qualit\u00e9 qui font la renomm\u00e9e d&rsquo;Ulster Weavers depuis plus de 100 ans.<\/p>\n<p><strong>D\u00e9tails<\/strong><\/p>\n<ul>\n<li>Dimensions : largeur 33 cm &#8211; hauteur 27 cm<\/li>\n<li>Mat\u00e9riau : 100 % coton<\/li>\n<li>Convient pour : th\u00e9i\u00e8re d&rsquo;une contenance maximale de 1,2 litre<\/li>\n<\/ul>\n<p><em>Instructions de lavage : laver \u00e0 40 \u00b0C, programme synth\u00e9tique. Ne pas blanchir. Ne pas s\u00e9cher en machine. Repasser \u00e0 temp\u00e9rature \u00e9lev\u00e9e. Laver avec des couleurs similaires. Ne convient pas au nettoyage \u00e0 sec.<\/em><\/p>\n","protected":false},"excerpt":{"rendered":"<p>Une housse \u00e0 th\u00e9 amusante en forme de poulet pour garder votre th\u00e9i\u00e8re au chaud plus longtemps.<\/p>\n","protected":false},"featured_media":35345,"comment_status":"open","ping_status":"closed","template":"","meta":[],"product_brand":[317],"product_cat":[283,319,284],"product_tag":[],"class_list":{"0":"post-35347","1":"product","2":"type-product","3":"status-publish","4":"has-post-thumbnail","6":"product_brand-ulster-weavers","7":"product_cat-cadeaux","8":"product_cat-couvre-theieres","9":"product_cat-idees-de-cadeaux","11":"first","12":"instock","13":"taxable","14":"shipping-taxable","15":"purchasable","16":"product-type-simple"},"bundled_by":[],"bundle_stock_status":"instock","bundle_stock_quantity":6,"bundle_virtual":false,"bundle_layout":"","bundle_add_to_cart_form_location":"","bundle_editable_in_cart":false,"bundle_sold_individually_context":"","bundle_item_grouping":"","bundle_min_size":"","bundle_max_size":"","bundle_price":[],"bundled_items":[],"bundle_sell_ids":[],"_links":{"self":[{"href":"https:\/\/thee.be\/fr\/wp-json\/wp\/v2\/product\/35347","targetHints":{"allow":["GET"]}}],"collection":[{"href":"https:\/\/thee.be\/fr\/wp-json\/wp\/v2\/product"}],"about":[{"href":"https:\/\/thee.be\/fr\/wp-json\/wp\/v2\/types\/product"}],"replies":[{"embeddable":true,"href":"https:\/\/thee.be\/fr\/wp-json\/wp\/v2\/comments?post=35347"}],"wp:featuredmedia":[{"embeddable":true,"href":"https:\/\/thee.be\/fr\/wp-json\/wp\/v2\/media\/35345"}],"wp:attachment":[{"href":"https:\/\/thee.be\/fr\/wp-json\/wp\/v2\/media?parent=35347"}],"wp:term":[{"taxonomy":"product_brand","embeddable":true,"href":"https:\/\/thee.be\/fr\/wp-json\/wp\/v2\/product_brand?post=35347"},{"taxonomy":"product_cat","embeddable":true,"href":"https:\/\/thee.be\/fr\/wp-json\/wp\/v2\/product_cat?post=35347"},{"taxonomy":"product_tag","embeddable":true,"href":"https:\/\/thee.be\/fr\/wp-json\/wp\/v2\/product_tag?post=35347"}],"curies":[{"name":"wp","href":"https:\/\/api.w.org\/{rel}","templated":true}]}}