{"id":31176,"date":"2025-09-24T10:44:58","date_gmt":"2025-09-24T08:44:58","guid":{"rendered":"https:\/\/thee.be\/?post_type=product&#038;p=31176"},"modified":"2025-09-30T11:01:39","modified_gmt":"2025-09-30T09:01:39","slug":"couvre-theiere-pantry-cats","status":"publish","type":"product","link":"https:\/\/thee.be\/fr\/shop\/boire-le-the\/theieres\/couvre-theieres\/couvre-theiere-pantry-cats\/","title":{"rendered":"Couvre-th\u00e9i\u00e8re \u201cPantry cats\u201d"},"content":{"rendered":"<p data-start=\"51\" data-end=\"664\">Laissez-vous emporter vers une cuisine champ\u00eatre pleine de nostalgie avec le cache-th\u00e9i\u00e8re \u201cPantry Cats\u201d d\u2019Ulster Weavers. Inspir\u00e9 d\u2019un garde-manger traditionnel de cottage anglais, ce design pr\u00e9sente un m\u00e9lange ludique de chats se faufilant entre la vaisselle, accompagn\u00e9s d\u2019illustrations \u00e0 l\u2019aquarelle d\u2019ustensiles de cuisine, de c\u00e9ramiques et de trouvailles vintage. Les bordures \u00e0 carreaux et \u00e0 fleurs ajoutent la touche finale parfaite dans un style <em data-start=\"512\" data-end=\"525\">cottagecore<\/em>. Ce n\u2019est pas seulement un cache-th\u00e9i\u00e8re : c\u2019est une \u0153uvre d\u2019art douillette qui apporte chaleur, style et personnalit\u00e9 \u00e0 votre moment th\u00e9.<\/p>\n<p data-start=\"666\" data-end=\"1261\">Le cache-th\u00e9i\u00e8re Ulster Weavers est parfaitement con\u00e7u pour une th\u00e9i\u00e8re de 1,2 litre, gardant votre th\u00e9 chaud plus longtemps. Gr\u00e2ce \u00e0 sa forme, il enveloppe enti\u00e8rement la base, le corps et les \u00e9paules de la th\u00e9i\u00e8re, tout en laissant le bec et la poign\u00e9e libres \u2013 id\u00e9al pour verser facilement sans avoir \u00e0 retirer le cache. Son \u00e9pais rembourrage int\u00e9rieur garantit une excellente isolation thermique, tandis que le fond plat et rigide assure une bonne stabilit\u00e9 sur toutes les surfaces. Les \u00e9l\u00e9gants passepoils et la fermeture classique \u00e0 n\u0153ud compl\u00e8tent l\u2019ensemble \u2013 \u00e0 la fois chic et pratique.<\/p>\n<p data-start=\"1268\" data-end=\"1279\"><strong data-start=\"1268\" data-end=\"1279\">D\u00e9tails<\/strong><\/p>\n<ul data-start=\"1281\" data-end=\"1585\">\n<li data-start=\"1281\" data-end=\"1338\">\n<p data-start=\"1283\" data-end=\"1338\">Dimensions : 23 x 26 cm \u2013 diam\u00e8tre de la base : 18 cm<\/p>\n<\/li>\n<li data-start=\"1339\" data-end=\"1364\">\n<p data-start=\"1341\" data-end=\"1364\">Mati\u00e8re : 100 % coton<\/p>\n<\/li>\n<li data-start=\"1365\" data-end=\"1429\">\n<p data-start=\"1367\" data-end=\"1429\">Convient pour : th\u00e9i\u00e8re d&rsquo;une capacit\u00e9 maximale de 1,2 litre<\/p>\n<\/li>\n<\/ul>\n<p data-start=\"1432\" data-end=\"1585\"><em>Entretien : Lavage \u00e0 la main. Ne pas utiliser d\u2019eau de Javel. Ne pas s\u00e9cher au s\u00e8che-linge. Repasser \u00e0 temp\u00e9rature moyenne. Nettoyage \u00e0 sec non autoris\u00e9.<\/em><\/p>\n","protected":false},"excerpt":{"rendered":"<p>Un couvre-th\u00e9i\u00e8re charmant avec un motif inspir\u00e9 d\u2019un garde-manger traditionnel de cottage, qui gardera votre th\u00e9i\u00e8re chaude plus longtemps.<\/p>\n","protected":false},"featured_media":31173,"comment_status":"open","ping_status":"closed","template":"","meta":[],"product_brand":[317],"product_cat":[319],"product_tag":[],"class_list":{"0":"post-31176","1":"product","2":"type-product","3":"status-publish","4":"has-post-thumbnail","6":"product_brand-ulster-weavers","7":"product_cat-couvre-theieres","9":"first","10":"instock","11":"taxable","12":"shipping-taxable","13":"purchasable","14":"product-type-simple"},"bundled_by":[],"bundle_stock_status":"instock","bundle_stock_quantity":5,"bundle_virtual":false,"bundle_layout":"","bundle_add_to_cart_form_location":"","bundle_editable_in_cart":false,"bundle_sold_individually_context":"","bundle_item_grouping":"","bundle_min_size":"","bundle_max_size":"","bundle_price":[],"bundled_items":[],"bundle_sell_ids":[],"_links":{"self":[{"href":"https:\/\/thee.be\/fr\/wp-json\/wp\/v2\/product\/31176","targetHints":{"allow":["GET"]}}],"collection":[{"href":"https:\/\/thee.be\/fr\/wp-json\/wp\/v2\/product"}],"about":[{"href":"https:\/\/thee.be\/fr\/wp-json\/wp\/v2\/types\/product"}],"replies":[{"embeddable":true,"href":"https:\/\/thee.be\/fr\/wp-json\/wp\/v2\/comments?post=31176"}],"wp:featuredmedia":[{"embeddable":true,"href":"https:\/\/thee.be\/fr\/wp-json\/wp\/v2\/media\/31173"}],"wp:attachment":[{"href":"https:\/\/thee.be\/fr\/wp-json\/wp\/v2\/media?parent=31176"}],"wp:term":[{"taxonomy":"product_brand","embeddable":true,"href":"https:\/\/thee.be\/fr\/wp-json\/wp\/v2\/product_brand?post=31176"},{"taxonomy":"product_cat","embeddable":true,"href":"https:\/\/thee.be\/fr\/wp-json\/wp\/v2\/product_cat?post=31176"},{"taxonomy":"product_tag","embeddable":true,"href":"https:\/\/thee.be\/fr\/wp-json\/wp\/v2\/product_tag?post=31176"}],"curies":[{"name":"wp","href":"https:\/\/api.w.org\/{rel}","templated":true}]}}