{"id":30767,"date":"2025-04-16T11:05:37","date_gmt":"2025-04-16T09:05:37","guid":{"rendered":"https:\/\/thee.be\/?post_type=product&#038;p=30767"},"modified":"2025-09-18T11:28:18","modified_gmt":"2025-09-18T09:28:18","slug":"lot-de-2-tasses-a-the-whiskers-paws-250ml","status":"publish","type":"product","link":"https:\/\/thee.be\/fr\/shop\/boire-le-the\/tasses-et-verres-a-the\/tasses-a-the\/lot-de-2-tasses-a-the-whiskers-paws-250ml\/","title":{"rendered":"Lot de 2 tasses \u00e0 th\u00e9 \u00ab\u00a0whiskers &#038; paws\u00a0\u00bb 250ml"},"content":{"rendered":"<p>Ce charmant ensemble \u00ab whiskers &amp; paws \u00bb se compose de deux tasses \u00e0 th\u00e9 en c\u00e9ramique de haute qualit\u00e9 d&rsquo;une contenance de 250 ml. La combinaison de couleurs blanc, gris et rouge donne aux tasses un aspect chaleureux et convivial, tandis que les illustrations subtiles de chats ajoutent une touche ludique et affectueuse.<\/p>\n<p>Un ensemble parfait pour un usage quotidien ou comme cadeau original pour les amoureux des chats.<\/p>\n<p><strong>D\u00e9tails<\/strong><\/p>\n<ul>\n<li>Contenance : 2 x 250 ml<\/li>\n<li>Mat\u00e9riau : c\u00e9ramique<\/li>\n<li>Dimensions : hauteur 10 cm &#8211; diam\u00e8tre 9 cm<\/li>\n<li>Couleur : blanc\/gris\/rouge<\/li>\n<\/ul>\n","protected":false},"excerpt":{"rendered":"<p>Un joli ensemble de sacs pour tous les amoureux des chats. Les sacs ont une contenance de 250 ml.<\/p>\n","protected":false},"featured_media":26378,"comment_status":"open","ping_status":"closed","template":"","meta":[],"product_brand":[],"product_cat":[135,154,152],"product_tag":[],"class_list":{"0":"post-30767","1":"product","2":"type-product","3":"status-publish","4":"has-post-thumbnail","6":"product_cat-boire-le-the","7":"product_cat-tasses-a-the","8":"product_cat-tasses-et-verres-a-the","10":"first","11":"instock","12":"taxable","13":"shipping-taxable","14":"purchasable","15":"product-type-simple"},"bundled_by":[],"bundle_stock_status":"instock","bundle_stock_quantity":4,"bundle_virtual":false,"bundle_layout":"","bundle_add_to_cart_form_location":"","bundle_editable_in_cart":false,"bundle_sold_individually_context":"","bundle_item_grouping":"","bundle_min_size":"","bundle_max_size":"","bundle_price":[],"bundled_items":[],"bundle_sell_ids":[],"_links":{"self":[{"href":"https:\/\/thee.be\/fr\/wp-json\/wp\/v2\/product\/30767","targetHints":{"allow":["GET"]}}],"collection":[{"href":"https:\/\/thee.be\/fr\/wp-json\/wp\/v2\/product"}],"about":[{"href":"https:\/\/thee.be\/fr\/wp-json\/wp\/v2\/types\/product"}],"replies":[{"embeddable":true,"href":"https:\/\/thee.be\/fr\/wp-json\/wp\/v2\/comments?post=30767"}],"wp:featuredmedia":[{"embeddable":true,"href":"https:\/\/thee.be\/fr\/wp-json\/wp\/v2\/media\/26378"}],"wp:attachment":[{"href":"https:\/\/thee.be\/fr\/wp-json\/wp\/v2\/media?parent=30767"}],"wp:term":[{"taxonomy":"product_brand","embeddable":true,"href":"https:\/\/thee.be\/fr\/wp-json\/wp\/v2\/product_brand?post=30767"},{"taxonomy":"product_cat","embeddable":true,"href":"https:\/\/thee.be\/fr\/wp-json\/wp\/v2\/product_cat?post=30767"},{"taxonomy":"product_tag","embeddable":true,"href":"https:\/\/thee.be\/fr\/wp-json\/wp\/v2\/product_tag?post=30767"}],"curies":[{"name":"wp","href":"https:\/\/api.w.org\/{rel}","templated":true}]}}