{"id":30456,"date":"2025-09-05T14:34:43","date_gmt":"2025-09-05T12:34:43","guid":{"rendered":"https:\/\/thee.be\/?post_type=product&#038;p=30456"},"modified":"2026-02-04T17:27:25","modified_gmt":"2026-02-04T16:27:25","slug":"banana-love","status":"publish","type":"product","link":"https:\/\/thee.be\/fr\/shop\/the-en-vrac\/infusions\/banana-love\/","title":{"rendered":"Banana Love"},"content":{"rendered":"<p>Banana Love est un th\u00e9 aux fruits ludique qui vous donnera imm\u00e9diatement le sourire. Ce m\u00e9lange tropical combine la douceur cr\u00e9meuse de la banane avec la fra\u00eecheur vivifiante de l&rsquo;ananas, compl\u00e9t\u00e9e par de nombreux ingr\u00e9dients color\u00e9s tels que des flocons de carotte, du carthame, des fleurs de souci et des roses. Non seulement le m\u00e9lange est magnifique dans la th\u00e9i\u00e8re, mais il d\u00e9gage \u00e9galement un parfum riche qui invite \u00e0 la d\u00e9gustation et \u00e0 la d\u00e9tente avec une tasse de th\u00e9 aux fruits.<\/p>\n<p>Les chips de banane et les morceaux de banane lyophilis\u00e9s apportent une base douce et sucr\u00e9e, tandis que l&rsquo;ananas ajoute une fra\u00eecheur p\u00e9tillante. Les flocons de carotte donnent au th\u00e9 une l\u00e9g\u00e8re note terreuse et les fleurs apportent de la couleur et une subtile nuance florale. Le r\u00e9sultat est une infusion ronde, fruit\u00e9e et l\u00e9g\u00e8rement exotique, d\u00e9licieuse aussi bien chaude que froide.<\/p>\n<p>Que vous optiez pour une tasse fumante le matin ou un th\u00e9 glac\u00e9 rafra\u00eechissant lors d&rsquo;une journ\u00e9e d&rsquo;\u00e9t\u00e9, Banana Love est un pur bonheur dans votre verre.<\/p>\n<h3>Ingr\u00e9dients<\/h3>\n<p>Cubes d&rsquo;ananas (ananas, sucre, acidifiant : acide citrique), flocons de carottes, chips de banane (banane, huile de coco), flocons d&rsquo;ananas, ar\u00f4me, morceaux de banane lyophilis\u00e9s, carthame, fleurs de souci, p\u00e9tales de rose.<\/p>\n","protected":false},"excerpt":{"rendered":"<p>Banana Love est un th\u00e9 aux fruits joyeux o\u00f9 la douceur sucr\u00e9e de la banane se marie \u00e0 la fra\u00eecheur de l&rsquo;ananas. Une infusion color\u00e9e et tropicale \u00e0 la fois savoureuse et ludique. Un sachet contient 100 grammes de th\u00e9.<\/p>\n","protected":false},"featured_media":30257,"comment_status":"open","ping_status":"closed","template":"","meta":[],"product_brand":[],"product_cat":[139,132,155],"product_tag":[],"class_list":{"0":"post-30456","1":"product","2":"type-product","3":"status-publish","4":"has-post-thumbnail","6":"product_cat-infusions","7":"product_cat-the-en-vrac","8":"product_cat-the-pour-les-enfants","10":"first","11":"instock","12":"taxable","13":"shipping-taxable","14":"purchasable","15":"product-type-simple"},"bundled_by":[],"bundle_stock_status":"instock","bundle_stock_quantity":null,"bundle_virtual":false,"bundle_layout":"","bundle_add_to_cart_form_location":"","bundle_editable_in_cart":false,"bundle_sold_individually_context":"","bundle_item_grouping":"","bundle_min_size":"","bundle_max_size":"","bundle_price":[],"bundled_items":[],"bundle_sell_ids":[],"_links":{"self":[{"href":"https:\/\/thee.be\/fr\/wp-json\/wp\/v2\/product\/30456","targetHints":{"allow":["GET"]}}],"collection":[{"href":"https:\/\/thee.be\/fr\/wp-json\/wp\/v2\/product"}],"about":[{"href":"https:\/\/thee.be\/fr\/wp-json\/wp\/v2\/types\/product"}],"replies":[{"embeddable":true,"href":"https:\/\/thee.be\/fr\/wp-json\/wp\/v2\/comments?post=30456"}],"wp:featuredmedia":[{"embeddable":true,"href":"https:\/\/thee.be\/fr\/wp-json\/wp\/v2\/media\/30257"}],"wp:attachment":[{"href":"https:\/\/thee.be\/fr\/wp-json\/wp\/v2\/media?parent=30456"}],"wp:term":[{"taxonomy":"product_brand","embeddable":true,"href":"https:\/\/thee.be\/fr\/wp-json\/wp\/v2\/product_brand?post=30456"},{"taxonomy":"product_cat","embeddable":true,"href":"https:\/\/thee.be\/fr\/wp-json\/wp\/v2\/product_cat?post=30456"},{"taxonomy":"product_tag","embeddable":true,"href":"https:\/\/thee.be\/fr\/wp-json\/wp\/v2\/product_tag?post=30456"}],"curies":[{"name":"wp","href":"https:\/\/api.w.org\/{rel}","templated":true}]}}