{"id":30005,"date":"2025-07-18T13:03:21","date_gmt":"2025-07-18T11:03:21","guid":{"rendered":"https:\/\/thee.be\/?post_type=product&#038;p=30005"},"modified":"2026-01-18T14:41:08","modified_gmt":"2026-01-18T13:41:08","slug":"melisse-citronnee","status":"publish","type":"product","link":"https:\/\/thee.be\/fr\/shop\/the-en-vrac\/infusions\/melisse-citronnee\/","title":{"rendered":"M\u00e9lisse citronn\u00e9e"},"content":{"rendered":"<p>La m\u00e9lisse, \u00e9galement appel\u00e9e Melissa officinalis, est une plante aromatique de la famille de la menthe, aux feuilles fines en forme de c\u0153ur et au go\u00fbt frais d&rsquo;agrumes. Depuis l&rsquo;Antiquit\u00e9, cette plante est r\u00e9put\u00e9e pour ses propri\u00e9t\u00e9s apaisantes et son ar\u00f4me d\u00e9licat. Le go\u00fbt de la m\u00e9lisse est l\u00e9ger et frais, avec de subtiles notes de citron sans \u00eatre acide, plut\u00f4t doux, apaisant et floral. On y trouve \u00e9galement de l\u00e9g\u00e8res notes de menthe, qui rappellent clairement son appartenance \u00e0 la famille des menthes.<\/p>\n<p>Originaire du sud de l&rsquo;Europe et du Moyen-Orient, la m\u00e9lisse est utilis\u00e9e depuis des si\u00e8cles en phytoth\u00e9rapie. Au Moyen \u00c2ge, elle \u00e9tait d\u00e9j\u00e0 utilis\u00e9e par les moines dans les jardins des monast\u00e8res, notamment dans les c\u00e9l\u00e8bres recettes d&rsquo;\u00ab eau des Carm\u00e9lites \u00bb. La plante est connue pour son effet apaisant sur le corps et l&rsquo;esprit et est souvent consomm\u00e9e en cas de stress, de nervosit\u00e9 ou d&rsquo;insomnie. Elle favoriserait \u00e9galement la digestion et soulagerait l\u00e9g\u00e8rement les c\u00e9phal\u00e9es de tension.<\/p>\n<p>Notre infusion de m\u00e9lisse chez Thee.be est compos\u00e9e de feuilles soigneusement s\u00e9ch\u00e9es, qui donnent une d\u00e9licieuse tasse douce et vert-jaune. Cette infusion est id\u00e9ale pour ceux qui ont besoin d&rsquo;un moment de repos, un compagnon doux le soir ou pendant une journ\u00e9e de travail bien remplie.<\/p>\n<p>Buvez la m\u00e9lisse pure ou m\u00e9langez-la avec d&rsquo;autres herbes telles que la lavande ou la camomille pour une exp\u00e9rience encore plus relaxante. Cette infusion ne contient pas de caf\u00e9ine et peut donc \u00eatre consomm\u00e9e \u00e0 tout moment de la journ\u00e9e.<\/p>\n<p>Laissez-vous emporter par la fra\u00eecheur apaisante de la m\u00e9lisse citronn\u00e9e, un \u00e9lixir naturel pour l&rsquo;\u00e9quilibre et la s\u00e9r\u00e9nit\u00e9.<\/p>\n<h3>Ingr\u00e9dients<\/h3>\n<p>M\u00e9lisse citronn\u00e9e s\u00e9ch\u00e9e (Melissa officinalis)<\/p>\n","protected":false},"excerpt":{"rendered":"<p>Les feuilles raffin\u00e9es de cette plante pure apportent un d\u00e9licieux parfum et un go\u00fbt d&rsquo;agrumes \u00e0 votre tasse. Un th\u00e9 revigorant, source de bien-\u00eatre.<\/p>\n","protected":false},"featured_media":28859,"comment_status":"open","ping_status":"closed","template":"","meta":[],"product_brand":[],"product_cat":[139,132],"product_tag":[],"class_list":{"0":"post-30005","1":"product","2":"type-product","3":"status-publish","4":"has-post-thumbnail","6":"product_cat-infusions","7":"product_cat-the-en-vrac","9":"first","10":"instock","11":"taxable","12":"shipping-taxable","13":"purchasable","14":"product-type-simple"},"bundled_by":[],"bundle_stock_status":"instock","bundle_stock_quantity":null,"bundle_virtual":false,"bundle_layout":"","bundle_add_to_cart_form_location":"","bundle_editable_in_cart":false,"bundle_sold_individually_context":"","bundle_item_grouping":"","bundle_min_size":"","bundle_max_size":"","bundle_price":[],"bundled_items":[],"bundle_sell_ids":[],"_links":{"self":[{"href":"https:\/\/thee.be\/fr\/wp-json\/wp\/v2\/product\/30005","targetHints":{"allow":["GET"]}}],"collection":[{"href":"https:\/\/thee.be\/fr\/wp-json\/wp\/v2\/product"}],"about":[{"href":"https:\/\/thee.be\/fr\/wp-json\/wp\/v2\/types\/product"}],"replies":[{"embeddable":true,"href":"https:\/\/thee.be\/fr\/wp-json\/wp\/v2\/comments?post=30005"}],"wp:featuredmedia":[{"embeddable":true,"href":"https:\/\/thee.be\/fr\/wp-json\/wp\/v2\/media\/28859"}],"wp:attachment":[{"href":"https:\/\/thee.be\/fr\/wp-json\/wp\/v2\/media?parent=30005"}],"wp:term":[{"taxonomy":"product_brand","embeddable":true,"href":"https:\/\/thee.be\/fr\/wp-json\/wp\/v2\/product_brand?post=30005"},{"taxonomy":"product_cat","embeddable":true,"href":"https:\/\/thee.be\/fr\/wp-json\/wp\/v2\/product_cat?post=30005"},{"taxonomy":"product_tag","embeddable":true,"href":"https:\/\/thee.be\/fr\/wp-json\/wp\/v2\/product_tag?post=30005"}],"curies":[{"name":"wp","href":"https:\/\/api.w.org\/{rel}","templated":true}]}}