{"id":2782,"date":"2020-11-27T18:14:03","date_gmt":"2020-11-27T17:14:03","guid":{"rendered":"http:\/\/thee.be\/shop\/non%20class\u00e9\/ruby-ambar\/"},"modified":"2025-10-21T16:02:05","modified_gmt":"2025-10-21T14:02:05","slug":"ruby-ambar","status":"publish","type":"product","link":"https:\/\/thee.be\/fr\/shop\/the-en-vrac\/infusions\/ruby-ambar\/","title":{"rendered":"Ruby AMBAR"},"content":{"rendered":"<p>Ce th\u00e9 aux fruits rouges fait partie de la collection AMBAR du sommelier du th\u00e9 Steffi Vertriest. Les fruits tels que la framboise, la groseille, la fraise et la pomme se marient dans une harmonie parfaite. L&rsquo;\u00e9glantier apporte une touche tr\u00e8s nostalgique \u00e0 cette infusion. Ajoutez un peu de miel pour souligner la douceur des baies. Cette infusion ne contient pas de caf\u00e9ine. Elle est parfaite pour \u00eatre bue plus tard dans la soir\u00e9e.<\/p>\n<h3>Composition<\/h3>\n<p>Fleurs d&rsquo;hibiscus, raisins secs, morceaux de pomme, \u00e9corces d&rsquo;\u00e9glantier, ar\u00f4me naturel, fraises lyophilis\u00e9es, p\u00e9tales de rose rose.<\/p>\n","protected":false},"excerpt":{"rendered":"<p>Th\u00e9 aux fruits rouges d&rsquo;AMBAR. Ce sachet contient 100 grammes de th\u00e9 aux fruits.<\/p>\n","protected":false},"featured_media":2244,"comment_status":"open","ping_status":"closed","template":"","meta":[],"product_brand":[286],"product_cat":[139],"product_tag":[],"class_list":{"0":"post-2782","1":"product","2":"type-product","3":"status-publish","4":"has-post-thumbnail","6":"product_brand-ambar-tea","7":"product_cat-infusions","9":"first","10":"instock","11":"taxable","12":"shipping-taxable","13":"purchasable","14":"product-type-simple"},"bundled_by":[],"bundle_stock_status":"instock","bundle_stock_quantity":null,"bundle_virtual":false,"bundle_layout":"","bundle_add_to_cart_form_location":"","bundle_editable_in_cart":false,"bundle_sold_individually_context":"","bundle_item_grouping":"","bundle_min_size":"","bundle_max_size":"","bundle_price":[],"bundled_items":[],"bundle_sell_ids":[3760],"_links":{"self":[{"href":"https:\/\/thee.be\/fr\/wp-json\/wp\/v2\/product\/2782","targetHints":{"allow":["GET"]}}],"collection":[{"href":"https:\/\/thee.be\/fr\/wp-json\/wp\/v2\/product"}],"about":[{"href":"https:\/\/thee.be\/fr\/wp-json\/wp\/v2\/types\/product"}],"replies":[{"embeddable":true,"href":"https:\/\/thee.be\/fr\/wp-json\/wp\/v2\/comments?post=2782"}],"wp:featuredmedia":[{"embeddable":true,"href":"https:\/\/thee.be\/fr\/wp-json\/wp\/v2\/media\/2244"}],"wp:attachment":[{"href":"https:\/\/thee.be\/fr\/wp-json\/wp\/v2\/media?parent=2782"}],"wp:term":[{"taxonomy":"product_brand","embeddable":true,"href":"https:\/\/thee.be\/fr\/wp-json\/wp\/v2\/product_brand?post=2782"},{"taxonomy":"product_cat","embeddable":true,"href":"https:\/\/thee.be\/fr\/wp-json\/wp\/v2\/product_cat?post=2782"},{"taxonomy":"product_tag","embeddable":true,"href":"https:\/\/thee.be\/fr\/wp-json\/wp\/v2\/product_tag?post=2782"}],"curies":[{"name":"wp","href":"https:\/\/api.w.org\/{rel}","templated":true}]}}