{"id":2735,"date":"2020-12-30T18:59:23","date_gmt":"2020-12-30T17:59:23","guid":{"rendered":"http:\/\/thee.be\/shop\/non%20class\u00e9\/beeeee-calm\/"},"modified":"2026-01-29T10:33:35","modified_gmt":"2026-01-29T09:33:35","slug":"beeeee-calm","status":"publish","type":"product","link":"https:\/\/thee.be\/fr\/shop\/sachets-de-the\/sachets-de-the-or-tea\/beeeee-calm\/","title":{"rendered":"Beeeee Calm Or Tea? (10 sachets)"},"content":{"rendered":"<p>Le th\u00e9 Beeeee Calm se veut un th\u00e9 \u00e0 la camomille au go\u00fbt de miel et de vanille.<\/p>\n<p>Une tasse de Beeeee Calm suffit \u00e0 compl\u00e9ter la journ\u00e9e. Fermez les yeux, prenez une grande respiration et imaginez que vous \u00eates entour\u00e9 d&rsquo;une mer de fleurs.<\/p>\n<p>L&rsquo;ar\u00f4me est celui de la camomille naturelle avec une pointe de vanille. La saveur est l\u00e9g\u00e8re et sucr\u00e9e, mais soyeuse et subtile.<\/p>\n<p>Utilisez une cuill\u00e8re \u00e0 th\u00e9 de ce m\u00e9lange pour pr\u00e9parer votre d\u00e9licieuse tasse de th\u00e9 apaisant sans caf\u00e9ine ni th\u00e9ine.<\/p>\n<h3>Composition<\/h3>\n<p>Camomille<\/p>\n<p>&nbsp;<\/p>\n","protected":false},"excerpt":{"rendered":"<p>Le th\u00e9 Beeeee Calm se veut un th\u00e9 \u00e0 la camomille au go\u00fbt de miel et de vanille. Une tasse<\/p>\n","protected":false},"featured_media":29802,"comment_status":"open","ping_status":"closed","template":"","meta":[],"product_brand":[288],"product_cat":[142],"product_tag":[],"class_list":{"0":"post-2735","1":"product","2":"type-product","3":"status-publish","4":"has-post-thumbnail","6":"product_brand-or-tea-fr","7":"product_cat-sachets-de-the-or-tea","9":"first","10":"instock","11":"taxable","12":"shipping-taxable","13":"purchasable","14":"product-type-simple"},"bundled_by":[],"bundle_stock_status":"instock","bundle_stock_quantity":33,"bundle_virtual":false,"bundle_layout":"","bundle_add_to_cart_form_location":"","bundle_editable_in_cart":false,"bundle_sold_individually_context":"","bundle_item_grouping":"","bundle_min_size":"","bundle_max_size":"","bundle_price":[],"bundled_items":[],"bundle_sell_ids":[],"_links":{"self":[{"href":"https:\/\/thee.be\/fr\/wp-json\/wp\/v2\/product\/2735","targetHints":{"allow":["GET"]}}],"collection":[{"href":"https:\/\/thee.be\/fr\/wp-json\/wp\/v2\/product"}],"about":[{"href":"https:\/\/thee.be\/fr\/wp-json\/wp\/v2\/types\/product"}],"replies":[{"embeddable":true,"href":"https:\/\/thee.be\/fr\/wp-json\/wp\/v2\/comments?post=2735"}],"wp:featuredmedia":[{"embeddable":true,"href":"https:\/\/thee.be\/fr\/wp-json\/wp\/v2\/media\/29802"}],"wp:attachment":[{"href":"https:\/\/thee.be\/fr\/wp-json\/wp\/v2\/media?parent=2735"}],"wp:term":[{"taxonomy":"product_brand","embeddable":true,"href":"https:\/\/thee.be\/fr\/wp-json\/wp\/v2\/product_brand?post=2735"},{"taxonomy":"product_cat","embeddable":true,"href":"https:\/\/thee.be\/fr\/wp-json\/wp\/v2\/product_cat?post=2735"},{"taxonomy":"product_tag","embeddable":true,"href":"https:\/\/thee.be\/fr\/wp-json\/wp\/v2\/product_tag?post=2735"}],"curies":[{"name":"wp","href":"https:\/\/api.w.org\/{rel}","templated":true}]}}