{"id":2726,"date":"2020-12-30T19:39:20","date_gmt":"2020-12-30T18:39:20","guid":{"rendered":"http:\/\/thee.be\/shop\/non%20class\u00e9\/queen-berry-or-tea-10-sachets-bio\/"},"modified":"2026-02-23T13:25:53","modified_gmt":"2026-02-23T12:25:53","slug":"queen-berry-or-tea-10-sachets-bio","status":"publish","type":"product","link":"https:\/\/thee.be\/fr\/shop\/sachets-de-the\/sachets-de-the-or-tea\/queen-berry-or-tea-10-sachets-bio\/","title":{"rendered":"Queen Berry Or Tea? (10 sachets)"},"content":{"rendered":"<p>Lorsque la m\u00e8re de l&#8217;empereur Xiaojing d\u00e9couvrit les d\u00e9lices des fruits secs, elle pla\u00e7a m\u00eame ses pr\u00e9cieux bijoux (dont la l\u00e9gendaire perle lumineuse) sur la couronne en \u00e9change de son fruit pr\u00e9f\u00e9r\u00e9.<\/p>\n<p>Laissez-vous tenter par le th\u00e9 Queen Berry et vous comprendrez pourquoi. Le m\u00e9lange d&rsquo;hibiscus, de sureau, de groseille \u00e0 maquereau, d&rsquo;\u00e9glantier et de cassis, ainsi que les \u00e9pices naturelles, lui conf\u00e8rent une saveur fruit\u00e9e et \u00e9pic\u00e9e.<\/p>\n<p>Une cuill\u00e8re \u00e0 caf\u00e9 de ce m\u00e9lange suffit pour vous procurer une d\u00e9licieuse tasse de th\u00e9. Apr\u00e8s six \u00e0 huit minutes d&rsquo;infusion, le th\u00e9 sera au sommet de sa saveur et de son ar\u00f4me.<\/p>\n<h3>Composition<\/h3>\n<p>Hibiscus (39%), sureau, groseille, \u00e9glantier, ar\u00f4mes naturels, cassis, myrtilles (0,5%), morceaux de framboise (0,25%),<\/p>\n","protected":false},"excerpt":{"rendered":"<p>Lorsque la m\u00e8re de l&#8217;empereur Xiaojing d\u00e9couvrit les d\u00e9lices des fruits secs, elle pla\u00e7a m\u00eame ses pr\u00e9cieux bijoux (dont la<\/p>\n","protected":false},"featured_media":2325,"comment_status":"open","ping_status":"closed","template":"","meta":[],"product_brand":[288],"product_cat":[142],"product_tag":[],"class_list":{"0":"post-2726","1":"product","2":"type-product","3":"status-publish","4":"has-post-thumbnail","6":"product_brand-or-tea-fr","7":"product_cat-sachets-de-the-or-tea","9":"first","10":"instock","11":"taxable","12":"shipping-taxable","13":"purchasable","14":"product-type-simple"},"bundled_by":[],"bundle_stock_status":"instock","bundle_stock_quantity":13,"bundle_virtual":false,"bundle_layout":"","bundle_add_to_cart_form_location":"","bundle_editable_in_cart":false,"bundle_sold_individually_context":"","bundle_item_grouping":"","bundle_min_size":"","bundle_max_size":"","bundle_price":[],"bundled_items":[],"bundle_sell_ids":[],"_links":{"self":[{"href":"https:\/\/thee.be\/fr\/wp-json\/wp\/v2\/product\/2726","targetHints":{"allow":["GET"]}}],"collection":[{"href":"https:\/\/thee.be\/fr\/wp-json\/wp\/v2\/product"}],"about":[{"href":"https:\/\/thee.be\/fr\/wp-json\/wp\/v2\/types\/product"}],"replies":[{"embeddable":true,"href":"https:\/\/thee.be\/fr\/wp-json\/wp\/v2\/comments?post=2726"}],"wp:featuredmedia":[{"embeddable":true,"href":"https:\/\/thee.be\/fr\/wp-json\/wp\/v2\/media\/2325"}],"wp:attachment":[{"href":"https:\/\/thee.be\/fr\/wp-json\/wp\/v2\/media?parent=2726"}],"wp:term":[{"taxonomy":"product_brand","embeddable":true,"href":"https:\/\/thee.be\/fr\/wp-json\/wp\/v2\/product_brand?post=2726"},{"taxonomy":"product_cat","embeddable":true,"href":"https:\/\/thee.be\/fr\/wp-json\/wp\/v2\/product_cat?post=2726"},{"taxonomy":"product_tag","embeddable":true,"href":"https:\/\/thee.be\/fr\/wp-json\/wp\/v2\/product_tag?post=2726"}],"curies":[{"name":"wp","href":"https:\/\/api.w.org\/{rel}","templated":true}]}}