{"id":2719,"date":"2020-12-30T20:13:55","date_gmt":"2020-12-30T19:13:55","guid":{"rendered":"http:\/\/thee.be\/shop\/non%20class\u00e9\/specialtea-treasure-box\/"},"modified":"2024-10-23T15:37:13","modified_gmt":"2024-10-23T13:37:13","slug":"specialtea-treasure-box","status":"publish","type":"product","link":"https:\/\/thee.be\/fr\/shop\/sachets-de-the\/coffrets-variete-de-sachets-de-the\/specialtea-treasure-box\/","title":{"rendered":"SpecialTea Treasure Box Or Tea?"},"content":{"rendered":"<p>Cette magnifique bo\u00eete contient pas moins de 27 sachets de th\u00e9 aux ar\u00f4mes suivants :<\/p>\n<ul>\n<li>Kung Fighter (gingembre et eucalyptus)<\/li>\n<li>Mont Plume (th\u00e9 vert)<\/li>\n<li>EnerGinger (gingembre et citronnelle)<\/li>\n<li>Ginseng Beauty (th\u00e9 vert au r\u00e9glisse et au ginseng)<\/li>\n<li>Detoxania (th\u00e9 vert au curcuma)<\/li>\n<li>The Playful Pear (th\u00e9 vert \u00e0 la poire)<\/li>\n<li>Queen Berry (fruits rouges)<\/li>\n<li>Ying Yang (th\u00e9 noir avec des grains de caf\u00e9)<\/li>\n<li>CuBaMint (concombre, basilic et menthe)<\/li>\n<\/ul>\n","protected":false},"excerpt":{"rendered":"<p>Cette magnifique bo\u00eete contient pas moins de 27 sachets de th\u00e9 aux ar\u00f4mes suivants : Kung Fighter (gingembre et eucalyptus)<\/p>\n","protected":false},"featured_media":2294,"comment_status":"open","ping_status":"closed","template":"","meta":[],"product_brand":[288],"product_cat":[143],"product_tag":[],"class_list":{"0":"post-2719","1":"product","2":"type-product","3":"status-publish","4":"has-post-thumbnail","6":"product_brand-or-tea-fr","7":"product_cat-coffrets-variete-de-sachets-de-the","9":"first","10":"outofstock","11":"taxable","12":"shipping-taxable","13":"purchasable","14":"product-type-simple"},"bundled_by":[],"bundle_stock_status":"outofstock","bundle_stock_quantity":0,"bundle_virtual":false,"bundle_layout":"","bundle_add_to_cart_form_location":"","bundle_editable_in_cart":false,"bundle_sold_individually_context":"","bundle_item_grouping":"","bundle_min_size":"","bundle_max_size":"","bundle_price":[],"bundled_items":[],"bundle_sell_ids":[],"_links":{"self":[{"href":"https:\/\/thee.be\/fr\/wp-json\/wp\/v2\/product\/2719","targetHints":{"allow":["GET"]}}],"collection":[{"href":"https:\/\/thee.be\/fr\/wp-json\/wp\/v2\/product"}],"about":[{"href":"https:\/\/thee.be\/fr\/wp-json\/wp\/v2\/types\/product"}],"replies":[{"embeddable":true,"href":"https:\/\/thee.be\/fr\/wp-json\/wp\/v2\/comments?post=2719"}],"wp:featuredmedia":[{"embeddable":true,"href":"https:\/\/thee.be\/fr\/wp-json\/wp\/v2\/media\/2294"}],"wp:attachment":[{"href":"https:\/\/thee.be\/fr\/wp-json\/wp\/v2\/media?parent=2719"}],"wp:term":[{"taxonomy":"product_brand","embeddable":true,"href":"https:\/\/thee.be\/fr\/wp-json\/wp\/v2\/product_brand?post=2719"},{"taxonomy":"product_cat","embeddable":true,"href":"https:\/\/thee.be\/fr\/wp-json\/wp\/v2\/product_cat?post=2719"},{"taxonomy":"product_tag","embeddable":true,"href":"https:\/\/thee.be\/fr\/wp-json\/wp\/v2\/product_tag?post=2719"}],"curies":[{"name":"wp","href":"https:\/\/api.w.org\/{rel}","templated":true}]}}