{"id":2693,"date":"2020-11-27T00:21:03","date_gmt":"2020-11-26T23:21:03","guid":{"rendered":"http:\/\/thee.be\/shop\/non%20class\u00e9\/oriental-beauty\/"},"modified":"2025-12-17T17:45:09","modified_gmt":"2025-12-17T16:45:09","slug":"oriental-beauty","status":"publish","type":"product","link":"https:\/\/thee.be\/fr\/shop\/the-en-vrac\/the-exclusif\/oriental-beauty\/","title":{"rendered":"Oriental Beauty"},"content":{"rendered":"<p>Ce beau th\u00e9 oolong nous vient du nord du Vietnam, du district de Tam Duong. Il provient du cultivar Jin Xuen et cro\u00eet sur les flancs du Fansipan dans la r\u00e9gion populaire de Sapa, \u00e0 une altitude de 800 \u00e0 1200 m\u00e8tres. Il est tout \u00e0 fait exceptionnel de trouver un Oriental Beauty au Vietnam. Ce th\u00e9 et tout le savoir-faire qui l&rsquo;entoure ont \u00e9t\u00e9 repris de Ta\u00efwan. Il en d\u00e9coule un th\u00e9 au corps riche et magnifique soumis \u00e0 un processus tr\u00e8s particulier. Pour obtenir un th\u00e9 oolong Oriental Beauty, les feuilles du Camllia Sinensis doivent \u00eatre entaill\u00e9es par un certain insecte ressemblant \u00e0 une sauterelle. C&rsquo;est l&rsquo;une des raisons pour lesquelles vous pouvez toujours \u00eatre s\u00fbr qu&rsquo;un Oriental Beauty est cultiv\u00e9e de mani\u00e8re enti\u00e8rement naturelle et sans pesticides.<\/p>\n<p>Un th\u00e9 fascinant sous toutes ses facettes.<\/p>\n<h3>Composition<\/h3>\n<p>Th\u00e9 Oolong du Vietnam.<\/p>\n","protected":false},"excerpt":{"rendered":"<p>Un superbe et unique th\u00e9 oolong du Vietnam dont les feuilles doivent \u00eatre entaill\u00e9es par une sauterelle bien particuli\u00e8re avant d&rsquo;\u00eatre cueillies. Riche en saveurs, en histoire et en mythes. Ce sachet de th\u00e9 oolong contient 50 grammes de feuilles de th\u00e9.<\/p>\n","protected":false},"featured_media":2153,"comment_status":"open","ping_status":"closed","template":"","meta":[],"product_brand":[306],"product_cat":[130,129],"product_tag":[],"class_list":{"0":"post-2693","1":"product","2":"type-product","3":"status-publish","4":"has-post-thumbnail","6":"product_brand-jade-fr","7":"product_cat-the-exclusif","8":"product_cat-the-oolong","10":"first","11":"outofstock","12":"taxable","13":"shipping-taxable","14":"purchasable","15":"product-type-simple"},"bundled_by":[],"bundle_stock_status":"outofstock","bundle_stock_quantity":0,"bundle_virtual":false,"bundle_layout":"","bundle_add_to_cart_form_location":"","bundle_editable_in_cart":false,"bundle_sold_individually_context":"","bundle_item_grouping":"","bundle_min_size":"","bundle_max_size":"","bundle_price":[],"bundled_items":[],"bundle_sell_ids":[],"_links":{"self":[{"href":"https:\/\/thee.be\/fr\/wp-json\/wp\/v2\/product\/2693","targetHints":{"allow":["GET"]}}],"collection":[{"href":"https:\/\/thee.be\/fr\/wp-json\/wp\/v2\/product"}],"about":[{"href":"https:\/\/thee.be\/fr\/wp-json\/wp\/v2\/types\/product"}],"replies":[{"embeddable":true,"href":"https:\/\/thee.be\/fr\/wp-json\/wp\/v2\/comments?post=2693"}],"wp:featuredmedia":[{"embeddable":true,"href":"https:\/\/thee.be\/fr\/wp-json\/wp\/v2\/media\/2153"}],"wp:attachment":[{"href":"https:\/\/thee.be\/fr\/wp-json\/wp\/v2\/media?parent=2693"}],"wp:term":[{"taxonomy":"product_brand","embeddable":true,"href":"https:\/\/thee.be\/fr\/wp-json\/wp\/v2\/product_brand?post=2693"},{"taxonomy":"product_cat","embeddable":true,"href":"https:\/\/thee.be\/fr\/wp-json\/wp\/v2\/product_cat?post=2693"},{"taxonomy":"product_tag","embeddable":true,"href":"https:\/\/thee.be\/fr\/wp-json\/wp\/v2\/product_tag?post=2693"}],"curies":[{"name":"wp","href":"https:\/\/api.w.org\/{rel}","templated":true}]}}