{"id":2687,"date":"2020-11-27T17:14:15","date_gmt":"2020-11-27T16:14:15","guid":{"rendered":"http:\/\/thee.be\/shop\/non%20class\u00e9\/almond-sencha\/"},"modified":"2026-04-23T19:25:51","modified_gmt":"2026-04-23T17:25:51","slug":"almond-sencha","status":"publish","type":"product","link":"https:\/\/thee.be\/fr\/shop\/the-en-vrac\/melanges\/almond-sencha\/","title":{"rendered":"Almond Sencha"},"content":{"rendered":"<p>Le Sencha, dont les origines sont japonaises, est connu pour son go\u00fbt intense et plut\u00f4t herbac\u00e9. Les feuilles de th\u00e9 pr\u00e9sentent un vert fonc\u00e9 profond, agr\u00e9ment\u00e9 de magnifiques p\u00e9tales de rose et de bleuet. Il s&rsquo;agit non seulement d&rsquo;une caresse pour l&rsquo;\u0153il, mais \u00e9galement d&rsquo;un m\u00e9lange tr\u00e8s vari\u00e9 en raison de l&rsquo;ar\u00f4me riche et doux des amandes. La combinaison de mat\u00e9 et de th\u00e9 vert en fait \u00e9galement un excellent remontant tout au long de la journ\u00e9e.<\/p>\n<h3>Composition<\/h3>\n<p>Th\u00e9 vert (56 %), mat\u00e9 vert, copeaux de noix de coco, ar\u00f4me, p\u00e9tales de rose, p\u00e9tales de bleuet.<\/p>\n","protected":false},"excerpt":{"rendered":"<p>Un th\u00e9 vert sencha \u00e0 l&rsquo;ar\u00f4me d&rsquo;amande douce. Retrouvez 100 grammes de th\u00e9 dans un sachet.<\/p>\n","protected":false},"featured_media":2047,"comment_status":"open","ping_status":"closed","template":"","meta":[],"product_brand":[],"product_cat":[137,138],"product_tag":[],"class_list":{"0":"post-2687","1":"product","2":"type-product","3":"status-publish","4":"has-post-thumbnail","6":"product_cat-melanges","7":"product_cat-the-vert","9":"first","10":"instock","11":"taxable","12":"shipping-taxable","13":"purchasable","14":"product-type-simple"},"bundled_by":[],"bundle_stock_status":"instock","bundle_stock_quantity":99754,"bundle_virtual":false,"bundle_layout":"","bundle_add_to_cart_form_location":"","bundle_editable_in_cart":false,"bundle_sold_individually_context":"","bundle_item_grouping":"","bundle_min_size":"","bundle_max_size":"","bundle_price":[],"bundled_items":[],"bundle_sell_ids":[],"_links":{"self":[{"href":"https:\/\/thee.be\/fr\/wp-json\/wp\/v2\/product\/2687","targetHints":{"allow":["GET"]}}],"collection":[{"href":"https:\/\/thee.be\/fr\/wp-json\/wp\/v2\/product"}],"about":[{"href":"https:\/\/thee.be\/fr\/wp-json\/wp\/v2\/types\/product"}],"replies":[{"embeddable":true,"href":"https:\/\/thee.be\/fr\/wp-json\/wp\/v2\/comments?post=2687"}],"wp:featuredmedia":[{"embeddable":true,"href":"https:\/\/thee.be\/fr\/wp-json\/wp\/v2\/media\/2047"}],"wp:attachment":[{"href":"https:\/\/thee.be\/fr\/wp-json\/wp\/v2\/media?parent=2687"}],"wp:term":[{"taxonomy":"product_brand","embeddable":true,"href":"https:\/\/thee.be\/fr\/wp-json\/wp\/v2\/product_brand?post=2687"},{"taxonomy":"product_cat","embeddable":true,"href":"https:\/\/thee.be\/fr\/wp-json\/wp\/v2\/product_cat?post=2687"},{"taxonomy":"product_tag","embeddable":true,"href":"https:\/\/thee.be\/fr\/wp-json\/wp\/v2\/product_tag?post=2687"}],"curies":[{"name":"wp","href":"https:\/\/api.w.org\/{rel}","templated":true}]}}