{"id":2674,"date":"2020-11-26T23:55:34","date_gmt":"2020-11-26T22:55:34","guid":{"rendered":"http:\/\/thee.be\/shop\/non%20class\u00e9\/dragon-pearls\/"},"modified":"2026-04-30T16:55:03","modified_gmt":"2026-04-30T14:55:03","slug":"dragon-pearls","status":"publish","type":"product","link":"https:\/\/thee.be\/fr\/shop\/the-en-vrac\/the-exclusif\/dragon-pearls\/","title":{"rendered":"Dragon Pearls JADE"},"content":{"rendered":"<p>Les fameuses Perles de Jasmin ou Dragon Pearls sont parmi les plus convoit\u00e9es dans l&rsquo;univers du th\u00e9. Ce th\u00e9 est cultiv\u00e9 dans les montagnes du sud-est de la Chine et seules les feuilles de la plus grande qualit\u00e9 sont utilis\u00e9es. Alors que les feuilles sont encore l\u00e9g\u00e8rement humides, celles-ci sont m\u00e9lang\u00e9es jusqu&rsquo;\u00e0 six fois avec des fleurs de jasmin frais, puis tamis\u00e9es et roul\u00e9es \u00e0 la main en petites perles. Les perles conservent l&rsquo;ar\u00f4me de jasmin pour elles jusqu&rsquo;\u00e0 ce qu&rsquo;elles s&rsquo;ouvrent dans l&rsquo;eau chaude, laissant ensuite \u00e9chapper un d\u00e9licieux parfum.<\/p>\n<p>Sec, ce th\u00e9 excelle dans sa forme particuli\u00e8re, \u00e0 savoir les perles. La liqueur dans la tasse pr\u00e9sente une autre caract\u00e9ristique tout aussi exclusive, \u00e0 savoir la couleur du champagne.<\/p>\n<h2>Composition<\/h2>\n<p>Th\u00e9 vert de Chine.<\/p>\n","protected":false},"excerpt":{"rendered":"<p>Perles de jasmin exclusives de Chine, connues pour \u00eatre le champagne du th\u00e9. Les boulettes sont roul\u00e9es \u00e0 la main, la saveur est d\u00e9licate et l\u00e9g\u00e8re. Ce sachet de perles de jasmin contient 50 grammes de feuilles de th\u00e9.<\/p>\n","protected":false},"featured_media":2092,"comment_status":"open","ping_status":"closed","template":"","meta":[],"product_brand":[306],"product_cat":[130,138],"product_tag":[],"class_list":{"0":"post-2674","1":"product","2":"type-product","3":"status-publish","4":"has-post-thumbnail","6":"product_brand-jade-fr","7":"product_cat-the-exclusif","8":"product_cat-the-vert","10":"first","11":"instock","12":"taxable","13":"shipping-taxable","14":"purchasable","15":"product-type-simple"},"bundled_by":[],"bundle_stock_status":"instock","bundle_stock_quantity":null,"bundle_virtual":false,"bundle_layout":"","bundle_add_to_cart_form_location":"","bundle_editable_in_cart":false,"bundle_sold_individually_context":"","bundle_item_grouping":"","bundle_min_size":"","bundle_max_size":"","bundle_price":[],"bundled_items":[],"bundle_sell_ids":[],"_links":{"self":[{"href":"https:\/\/thee.be\/fr\/wp-json\/wp\/v2\/product\/2674","targetHints":{"allow":["GET"]}}],"collection":[{"href":"https:\/\/thee.be\/fr\/wp-json\/wp\/v2\/product"}],"about":[{"href":"https:\/\/thee.be\/fr\/wp-json\/wp\/v2\/types\/product"}],"replies":[{"embeddable":true,"href":"https:\/\/thee.be\/fr\/wp-json\/wp\/v2\/comments?post=2674"}],"wp:featuredmedia":[{"embeddable":true,"href":"https:\/\/thee.be\/fr\/wp-json\/wp\/v2\/media\/2092"}],"wp:attachment":[{"href":"https:\/\/thee.be\/fr\/wp-json\/wp\/v2\/media?parent=2674"}],"wp:term":[{"taxonomy":"product_brand","embeddable":true,"href":"https:\/\/thee.be\/fr\/wp-json\/wp\/v2\/product_brand?post=2674"},{"taxonomy":"product_cat","embeddable":true,"href":"https:\/\/thee.be\/fr\/wp-json\/wp\/v2\/product_cat?post=2674"},{"taxonomy":"product_tag","embeddable":true,"href":"https:\/\/thee.be\/fr\/wp-json\/wp\/v2\/product_tag?post=2674"}],"curies":[{"name":"wp","href":"https:\/\/api.w.org\/{rel}","templated":true}]}}