{"id":21855,"date":"2024-07-17T11:41:37","date_gmt":"2024-07-17T09:41:37","guid":{"rendered":"https:\/\/thee.be\/?post_type=product&#038;p=21855"},"modified":"2024-10-16T11:35:27","modified_gmt":"2024-10-16T09:35:27","slug":"monin-sirop-de-fraise-700-ml","status":"publish","type":"product","link":"https:\/\/thee.be\/fr\/shop\/la-preparation-du-the\/bubble-tea-fr-fr\/monin-sirop-de-fraise-700-ml\/","title":{"rendered":"Monin Sirop de Fraise (700 ml)"},"content":{"rendered":"<p>Ce sirop de fraise Monin offre une saveur riche, fra\u00eeche et sucr\u00e9e de fraise. Id\u00e9al pour pr\u00e9parer un d\u00e9licieux Bubble Tea avec la saveur rafra\u00eechissante et fruit\u00e9e de la fraise.<\/p>\n<p>Ce sirop de fraise est fabriqu\u00e9 en France par Monin. Monin est un fabricant de sirop fran\u00e7ais renomm\u00e9 qui n&rsquo;utilise pas d&rsquo;ar\u00f4mes ou de colorants artificiels.<\/p>\n<h3>Pr\u00e9paration du bubble tea \u00e0 la fraise<\/h3>\n<p>Pr\u00e9parer du bubble tea est tr\u00e8s simple. Le sirop de fraise se marie parfaitement avec des saveurs acidul\u00e9es et rafra\u00eechissantes, comme la p\u00eache ou le citron.<\/p>\n<ul>\n<li>Infusez votre th\u00e9 selon la quantit\u00e9 et le temps d&rsquo;infusion indiqu\u00e9s, puis laissez-le refroidir compl\u00e8tement.<\/li>\n<li>Ajoutez du sirop selon votre pr\u00e9f\u00e9rence de douceur.<\/li>\n<li>Ajoutez 30 \u00e0 50g de perles de fruits \u00e0 la p\u00eache (ou d&rsquo;autres perles \u00e0 votre go\u00fbt).<\/li>\n<li>Ins\u00e9rez votre large paille \u00e0 bubble tea et savourez !<\/li>\n<\/ul>\n<p>Vous pouvez \u00e9galement ajouter un nuage de lait pour un bubble tea lact\u00e9 ou quelques gla\u00e7ons pour une boisson encore plus rafra\u00eechissante.<\/p>\n<h3>Ingr\u00e9dients<\/h3>\n<p>Sucre, eau, jus concentr\u00e9 de fruits rouges, r\u00e9gulateur d&rsquo;acidit\u00e9 : acide citrique, colorant : E163, ar\u00f4me naturel. Jus de fruits rouges : 16%.<\/p>\n","protected":false},"excerpt":{"rendered":"<p>Une bouteille de 700 ml de sirop de fraise Monin, parfaite pour pr\u00e9parer du Bubble Tea \u00e0 la saveur de fraise.<\/p>\n","protected":false},"featured_media":20434,"comment_status":"open","ping_status":"closed","template":"","meta":[],"product_brand":[303],"product_cat":[278],"product_tag":[],"class_list":{"0":"post-21855","1":"product","2":"type-product","3":"status-publish","4":"has-post-thumbnail","6":"product_brand-monin-fr","7":"product_cat-bubble-tea-fr-fr","9":"first","10":"outofstock","11":"taxable","12":"shipping-taxable","13":"purchasable","14":"product-type-simple"},"bundled_by":[],"bundle_stock_status":"outofstock","bundle_stock_quantity":0,"bundle_virtual":false,"bundle_layout":"","bundle_add_to_cart_form_location":"","bundle_editable_in_cart":false,"bundle_sold_individually_context":"","bundle_item_grouping":"","bundle_min_size":"","bundle_max_size":"","bundle_price":[],"bundled_items":[],"bundle_sell_ids":[],"_links":{"self":[{"href":"https:\/\/thee.be\/fr\/wp-json\/wp\/v2\/product\/21855","targetHints":{"allow":["GET"]}}],"collection":[{"href":"https:\/\/thee.be\/fr\/wp-json\/wp\/v2\/product"}],"about":[{"href":"https:\/\/thee.be\/fr\/wp-json\/wp\/v2\/types\/product"}],"replies":[{"embeddable":true,"href":"https:\/\/thee.be\/fr\/wp-json\/wp\/v2\/comments?post=21855"}],"wp:featuredmedia":[{"embeddable":true,"href":"https:\/\/thee.be\/fr\/wp-json\/wp\/v2\/media\/20434"}],"wp:attachment":[{"href":"https:\/\/thee.be\/fr\/wp-json\/wp\/v2\/media?parent=21855"}],"wp:term":[{"taxonomy":"product_brand","embeddable":true,"href":"https:\/\/thee.be\/fr\/wp-json\/wp\/v2\/product_brand?post=21855"},{"taxonomy":"product_cat","embeddable":true,"href":"https:\/\/thee.be\/fr\/wp-json\/wp\/v2\/product_cat?post=21855"},{"taxonomy":"product_tag","embeddable":true,"href":"https:\/\/thee.be\/fr\/wp-json\/wp\/v2\/product_tag?post=21855"}],"curies":[{"name":"wp","href":"https:\/\/api.w.org\/{rel}","templated":true}]}}