{"id":21853,"date":"2024-07-17T11:17:32","date_gmt":"2024-10-16T09:29:19","guid":{"rendered":"https:\/\/thee.be\/?post_type=product&#038;p=21853"},"modified":"2025-10-05T23:14:05","modified_gmt":"2025-10-05T21:14:05","slug":"monin-sirop-de-mangue-700-ml","status":"publish","type":"product","link":"https:\/\/thee.be\/fr\/shop\/la-preparation-du-the\/bubble-tea-fr-fr\/monin-sirop-de-mangue-700-ml\/","title":{"rendered":"Monin Sirop de Mangue (700 ml)"},"content":{"rendered":"<p>Sirop de mangue, le go\u00fbt du soleil. Ce sirop de mangue apporte une d\u00e9licieuse saveur ensoleill\u00e9e \u00e0 votre Bubble Tea fait maison. Fabriqu\u00e9 \u00e0 base de jus de mangue, il capture parfaitement la saveur \u00e0 la fois sucr\u00e9e et l\u00e9g\u00e8rement acidul\u00e9e de cette chair juteuse et tendre. L&rsquo;ajout id\u00e9al pour pr\u00e9parer un d\u00e9licieux Bubble Tea estival !<\/p>\n<p>Ce sirop de mangue est fabriqu\u00e9 en France par Monin. Nous faisons confiance \u00e0 ce c\u00e9l\u00e8bre fabricant fran\u00e7ais de sirops pour vous offrir un sirop de mangue sans ar\u00f4mes ou colorants artificiels.<\/p>\n<h3><strong>Pr\u00e9paration du Bubble Tea \u00e0 la Mangue<\/strong><\/h3>\n<p>La pr\u00e9paration du Bubble Tea \u00e0 la mangue est simple. La mangue se marie tr\u00e8s bien avec d&rsquo;autres saveurs exotiques (comme le fruit de la passion ou le litchi), mais aussi avec la fraise ou la framboise.<\/p>\n<ol>\n<li>Infusez votre th\u00e9 vert (ou le th\u00e9 de votre choix) selon le dosage et le temps d&rsquo;infusion indiqu\u00e9s, puis laissez-le refroidir compl\u00e8tement.<\/li>\n<li>Ajoutez du sirop de mangue selon votre pr\u00e9f\u00e9rence de douceur.<\/li>\n<li>Ajoutez 30 \u00e0 50 grammes de perles de fruit de la passion, mangue, litchi ou framboise.<\/li>\n<li>M\u00e9langez bien et savourez !<\/li>\n<\/ol>\n<h3>Ingr\u00e9dients<\/h3>\n<p>Sucre, eau, jus de mangue concentr\u00e9, jus de citron concentr\u00e9, ar\u00f4mes naturels, colorants : E161b, E163, \u00e9mulsifiants : gomme arabique, E445. Jus de fruits : 22%, dont 10% de jus de mangue.<\/p>\n","protected":false},"excerpt":{"rendered":"<div class=\"flex-shrink-0 flex flex-col relative items-end\">\n<div>\n<div class=\"pt-0\">\n<div class=\"gizmo-bot-avatar flex h-8 w-8 items-center justify-center overflow-hidden rounded-full\">\n<div class=\"relative p-1 rounded-sm flex items-center justify-center bg-token-main-surface-primary text-token-text-primary h-8 w-8\">Une bouteille de 700 ml de sirop de mangue, id\u00e9ale pour pr\u00e9parer du bubble tea \u00e0 la saveur de mangue.<\/div>\n<\/div>\n<\/div>\n<\/div>\n<\/div>\n","protected":false},"featured_media":20430,"comment_status":"open","ping_status":"closed","template":"","meta":[],"product_brand":[303],"product_cat":[278],"product_tag":[],"class_list":{"0":"post-21853","1":"product","2":"type-product","3":"status-publish","4":"has-post-thumbnail","6":"product_brand-monin-fr","7":"product_cat-bubble-tea-fr-fr","9":"first","10":"outofstock","11":"taxable","12":"shipping-taxable","13":"purchasable","14":"product-type-simple"},"bundled_by":[],"bundle_stock_status":"outofstock","bundle_stock_quantity":0,"bundle_virtual":false,"bundle_layout":"","bundle_add_to_cart_form_location":"","bundle_editable_in_cart":false,"bundle_sold_individually_context":"","bundle_item_grouping":"","bundle_min_size":"","bundle_max_size":"","bundle_price":[],"bundled_items":[],"bundle_sell_ids":[],"_links":{"self":[{"href":"https:\/\/thee.be\/fr\/wp-json\/wp\/v2\/product\/21853","targetHints":{"allow":["GET"]}}],"collection":[{"href":"https:\/\/thee.be\/fr\/wp-json\/wp\/v2\/product"}],"about":[{"href":"https:\/\/thee.be\/fr\/wp-json\/wp\/v2\/types\/product"}],"replies":[{"embeddable":true,"href":"https:\/\/thee.be\/fr\/wp-json\/wp\/v2\/comments?post=21853"}],"wp:featuredmedia":[{"embeddable":true,"href":"https:\/\/thee.be\/fr\/wp-json\/wp\/v2\/media\/20430"}],"wp:attachment":[{"href":"https:\/\/thee.be\/fr\/wp-json\/wp\/v2\/media?parent=21853"}],"wp:term":[{"taxonomy":"product_brand","embeddable":true,"href":"https:\/\/thee.be\/fr\/wp-json\/wp\/v2\/product_brand?post=21853"},{"taxonomy":"product_cat","embeddable":true,"href":"https:\/\/thee.be\/fr\/wp-json\/wp\/v2\/product_cat?post=21853"},{"taxonomy":"product_tag","embeddable":true,"href":"https:\/\/thee.be\/fr\/wp-json\/wp\/v2\/product_tag?post=21853"}],"curies":[{"name":"wp","href":"https:\/\/api.w.org\/{rel}","templated":true}]}}