{"id":14451,"date":"2023-10-04T13:02:17","date_gmt":"2023-10-04T11:02:17","guid":{"rendered":"https:\/\/thee.be\/?post_type=product&#038;p=14451"},"modified":"2025-07-01T15:07:27","modified_gmt":"2025-07-01T13:07:27","slug":"ensemble-a-the-yixing-zisha","status":"publish","type":"product","link":"https:\/\/thee.be\/fr\/shop\/boire-le-the\/theieres\/ensembles\/ensemble-a-the-yixing-zisha\/","title":{"rendered":"Ensemble \u00e0 th\u00e9 Yixing \u00ab\u00a0Zisha\u00a0\u00bb"},"content":{"rendered":"<p>Cette magnifique ensemble comprend une authentique th\u00e9i\u00e8re Yixing et deux tasses assorties en Yixing. La th\u00e9i\u00e8re a une capacit\u00e9 de 100 ml, ce qui la rend id\u00e9ale pour la technique du Gong Fu Cha.<\/p>\n<p>Tant la th\u00e9i\u00e8re que les deux tasses portent un cachet du fabricant en dessous, confirmant ainsi leur authenticit\u00e9.<\/p>\n<p>Cet ensemble est livr\u00e9 dans une bo\u00eete \u00e9l\u00e9gante, en en fait donc un cadeau id\u00e9al !<\/p>\n<h3>D\u00e9tails<\/h3>\n<ul>\n<li>Mat\u00e9riau : Yixing<\/li>\n<li>Contenu : 1 th\u00e9i\u00e8re et 2 tasses<\/li>\n<li>Capacit\u00e9 de la th\u00e9i\u00e8re : 100 ml Capacit\u00e9 des tasses : 30 ml<\/li>\n<\/ul>\n<h3>Instructions d&rsquo;entretien<\/h3>\n<p>Rincez imm\u00e9diatement la th\u00e9i\u00e8re Yixing (et les tasses) \u00e0 l&rsquo;eau chaude apr\u00e8s utilisation. N&rsquo;utilisez pas de d\u00e9tergent ou de savon, car ces produits pourraient alt\u00e9rer l&rsquo;argile. Ne replacez PAS le couvercle sur la th\u00e9i\u00e8re apr\u00e8s le rin\u00e7age, car l&rsquo;int\u00e9rieur de la th\u00e9i\u00e8re sera encore humide. Placez plut\u00f4t la th\u00e9i\u00e8re \u00e0 l&rsquo;envers \u00e0 c\u00f4t\u00e9 du couvercle sur une serviette et laissez-la s\u00e9cher naturellement. Sinon, des odeurs moites ou de la moisissure pourraient se d\u00e9velopper.<\/p>\n","protected":false},"excerpt":{"rendered":"<p>Un magnifique ensemble \u00e0 th\u00e9 Yixing comprenant une th\u00e9i\u00e8re Yixing de 100 ml et deux tasses Yixing assorties.<\/p>\n","protected":false},"featured_media":13477,"comment_status":"open","ping_status":"closed","template":"","meta":[],"product_brand":[],"product_cat":[158,150,284],"product_tag":[],"class_list":{"0":"post-14451","1":"product","2":"type-product","3":"status-publish","4":"has-post-thumbnail","6":"product_cat-ceremonie-du-the","7":"product_cat-ensembles","8":"product_cat-idees-de-cadeaux","10":"first","11":"instock","12":"taxable","13":"shipping-taxable","14":"purchasable","15":"product-type-simple"},"bundled_by":[],"bundle_stock_status":"instock","bundle_stock_quantity":2,"bundle_virtual":false,"bundle_layout":"","bundle_add_to_cart_form_location":"","bundle_editable_in_cart":false,"bundle_sold_individually_context":"","bundle_item_grouping":"","bundle_min_size":"","bundle_max_size":"","bundle_price":[],"bundled_items":[],"bundle_sell_ids":[],"_links":{"self":[{"href":"https:\/\/thee.be\/fr\/wp-json\/wp\/v2\/product\/14451","targetHints":{"allow":["GET"]}}],"collection":[{"href":"https:\/\/thee.be\/fr\/wp-json\/wp\/v2\/product"}],"about":[{"href":"https:\/\/thee.be\/fr\/wp-json\/wp\/v2\/types\/product"}],"replies":[{"embeddable":true,"href":"https:\/\/thee.be\/fr\/wp-json\/wp\/v2\/comments?post=14451"}],"wp:featuredmedia":[{"embeddable":true,"href":"https:\/\/thee.be\/fr\/wp-json\/wp\/v2\/media\/13477"}],"wp:attachment":[{"href":"https:\/\/thee.be\/fr\/wp-json\/wp\/v2\/media?parent=14451"}],"wp:term":[{"taxonomy":"product_brand","embeddable":true,"href":"https:\/\/thee.be\/fr\/wp-json\/wp\/v2\/product_brand?post=14451"},{"taxonomy":"product_cat","embeddable":true,"href":"https:\/\/thee.be\/fr\/wp-json\/wp\/v2\/product_cat?post=14451"},{"taxonomy":"product_tag","embeddable":true,"href":"https:\/\/thee.be\/fr\/wp-json\/wp\/v2\/product_tag?post=14451"}],"curies":[{"name":"wp","href":"https:\/\/api.w.org\/{rel}","templated":true}]}}