{"id":11201,"date":"2023-05-08T14:25:16","date_gmt":"2023-05-08T12:25:16","guid":{"rendered":"https:\/\/thee.be\/?post_type=product&#038;p=11201"},"modified":"2024-10-08T11:32:42","modified_gmt":"2024-10-08T09:32:42","slug":"pissenlit","status":"publish","type":"product","link":"https:\/\/thee.be\/fr\/shop\/the-en-vrac\/infusions\/pissenlit\/","title":{"rendered":"Pissenlit"},"content":{"rendered":"<p>Bien qu&rsquo;elle soit souvent consid\u00e9r\u00e9e comme une mauvaise herbe tenace dans la pelouse, le pissenlit est utilis\u00e9 depuis des si\u00e8cles dans de nombreuses formes de m\u00e9decine traditionnelle. <em>Taraxacum officinale<\/em> est l&rsquo;esp\u00e8ce la plus courante, mais il existe de nombreuses autres vari\u00e9t\u00e9s.<\/p>\n<p>Non seulement les feuilles, les racines et les fleurs peuvent ajouter une touche color\u00e9e \u00e0 votre assiette, mais elles se retrouvent aussi fr\u00e9quemment dans les tisanes et les compl\u00e9ments alimentaires. Elles sont utilis\u00e9es comme rem\u00e8de naturel pour soutenir la gestion de la glyc\u00e9mie et favoriser la sant\u00e9 de la peau, du foie et du c\u0153ur.<\/p>\n<p>Plongez dans le monde merveilleux des pissenlits et d\u00e9couvrez un puissant d\u00e9toxifiant qui aide \u00e0 d\u00e9barrasser le corps des substances ind\u00e9sirables. En regardant les feuilles, nous trouvons un v\u00e9ritable tr\u00e9sor de fer. Une infusion rafra\u00eechissante, l\u00e9g\u00e8rement am\u00e8re, qui plaira \u00e0 tout amateur de plantes m\u00e9dicinales. N&rsquo;oubliez pas, chaque gorg\u00e9e de tisane de pissenlit est un hommage \u00e0 la nature, sans aucun ajout.<\/p>\n<p>Trouvez-la un peu trop am\u00e8re ? Un peu de miel fait des merveilles.<\/p>\n<h3>Potentiels bienfaits pour la sant\u00e9<\/h3>\n<p>Les feuilles, les racines et les fleurs du pissenlit peuvent offrir des bienfaits pour la sant\u00e9, notamment en favorisant la sant\u00e9 du foie et en combattant les inflammations.<\/p>\n<ul>\n<li>Peut aider \u00e0 combattre l&rsquo;inflammation : Des recherches limit\u00e9es sur les animaux et en laboratoire sugg\u00e8rent que le pissenlit poss\u00e8de des propri\u00e9t\u00e9s anti-inflammatoires, bien que des \u00e9tudes chez l&rsquo;homme soient encore n\u00e9cessaires.<\/li>\n<li>Peut r\u00e9duire le cholest\u00e9rol : Certaines \u00e9tudes animales indiquent que le pissenlit r\u00e9duit les niveaux de cholest\u00e9rol, mais des recherches humaines sont requises.<\/li>\n<li>Peut abaisser la pression art\u00e9rielle : En raison de son effet diur\u00e9tique et de sa teneur en potassium, le pissenlit peut abaisser la pression art\u00e9rielle. Cependant, il existe tr\u00e8s peu de recherches disponibles.<\/li>\n<li>Peut favoriser la sant\u00e9 du foie : Des \u00e9tudes sur les animaux sugg\u00e8rent que le pissenlit peut prot\u00e9ger contre les dommages au foie, mais davantage de recherches humaines sont n\u00e9cessaires.<\/li>\n<li>Peut soutenir la perte de poids : Certaines \u00e9tudes animales notent que les compos\u00e9s pr\u00e9sents dans le pissenlit peuvent aider \u00e0 la gestion du poids, mais aucune \u00e9tude humaine n&rsquo;a \u00e9valu\u00e9 cet effet.<\/li>\n<\/ul>\n<p><em>Il est important de mentionner que le th\u00e9 n&rsquo;est pas un rem\u00e8de miracle, mais il peut constituer un bon soutien.<\/em><\/p>\n<h3>Risques et effets secondaires potentiels<\/h3>\n<p>Les plantes de pissenlit ont une faible toxicit\u00e9 et sont probablement sans danger pour la plupart des gens. Cependant, gardez \u00e0 l&rsquo;esprit que les recherches sont encore tr\u00e8s limit\u00e9es et que le pissenlit n&rsquo;est pas totalement sans risques. Cette plante peut provoquer des r\u00e9actions allergiques, en particulier chez les personnes allergiques \u00e0 des plantes apparent\u00e9es, telles que l&rsquo;armoise. La dermatite de contact peut \u00e9galement survenir chez les personnes \u00e0 la peau sensible.<\/p>\n<p>Selon une \u00e9tude plus ancienne, le pissenlit peut \u00e9galement interagir avec certains m\u00e9dicaments, y compris certains types d&rsquo;antibiotiques, d&rsquo;anticoagulants et de m\u00e9dicaments pour la glyc\u00e9mie. Si vous prenez actuellement des m\u00e9dicaments sur ordonnance, consultez un m\u00e9decin avant d&rsquo;utiliser du pissenlit.<\/p>\n<h3>Ingr\u00e9dients<\/h3>\n<p>Pissenlit s\u00e9ch\u00e9 et coup\u00e9.**<\/p>\n","protected":false},"excerpt":{"rendered":"<p>Th\u00e9 de pissenlit pur avec des notes fra\u00eeches et l\u00e9g\u00e8rement am\u00e8res. Une plante connue pour ses nombreux bienfaits pour la sant\u00e9 !<\/p>\n","protected":false},"featured_media":11130,"comment_status":"open","ping_status":"closed","template":"","meta":[],"product_brand":[],"product_cat":[139],"product_tag":[],"class_list":{"0":"post-11201","1":"product","2":"type-product","3":"status-publish","4":"has-post-thumbnail","6":"product_cat-infusions","8":"first","9":"instock","10":"taxable","11":"shipping-taxable","12":"purchasable","13":"product-type-simple"},"bundled_by":[],"bundle_stock_status":"instock","bundle_stock_quantity":null,"bundle_virtual":false,"bundle_layout":"","bundle_add_to_cart_form_location":"","bundle_editable_in_cart":false,"bundle_sold_individually_context":"","bundle_item_grouping":"","bundle_min_size":"","bundle_max_size":"","bundle_price":[],"bundled_items":[],"bundle_sell_ids":[],"_links":{"self":[{"href":"https:\/\/thee.be\/fr\/wp-json\/wp\/v2\/product\/11201","targetHints":{"allow":["GET"]}}],"collection":[{"href":"https:\/\/thee.be\/fr\/wp-json\/wp\/v2\/product"}],"about":[{"href":"https:\/\/thee.be\/fr\/wp-json\/wp\/v2\/types\/product"}],"replies":[{"embeddable":true,"href":"https:\/\/thee.be\/fr\/wp-json\/wp\/v2\/comments?post=11201"}],"wp:featuredmedia":[{"embeddable":true,"href":"https:\/\/thee.be\/fr\/wp-json\/wp\/v2\/media\/11130"}],"wp:attachment":[{"href":"https:\/\/thee.be\/fr\/wp-json\/wp\/v2\/media?parent=11201"}],"wp:term":[{"taxonomy":"product_brand","embeddable":true,"href":"https:\/\/thee.be\/fr\/wp-json\/wp\/v2\/product_brand?post=11201"},{"taxonomy":"product_cat","embeddable":true,"href":"https:\/\/thee.be\/fr\/wp-json\/wp\/v2\/product_cat?post=11201"},{"taxonomy":"product_tag","embeddable":true,"href":"https:\/\/thee.be\/fr\/wp-json\/wp\/v2\/product_tag?post=11201"}],"curies":[{"name":"wp","href":"https:\/\/api.w.org\/{rel}","templated":true}]}}