{"id":10768,"date":"2023-04-04T14:47:22","date_gmt":"2023-04-04T12:47:22","guid":{"rendered":"https:\/\/thee.be\/?post_type=product&#038;p=10768"},"modified":"2025-09-16T19:34:08","modified_gmt":"2025-09-16T17:34:08","slug":"kinto-unitea-carafe-deau-1-1l","status":"publish","type":"product","link":"https:\/\/thee.be\/fr\/shop\/la-preparation-du-the\/cold-brew-fr-fr\/kinto-unitea-carafe-deau-1-1l\/","title":{"rendered":"KINTO Unitea carafe d&rsquo;eau 1.1L"},"content":{"rendered":"<p>Une carafe \u00e0 eau de KINTO qui respire le luxe \u00e0 l&rsquo;\u00e9tat pur. La carafe vous permet de verser des boissons sans devoir ouvrir et fermer le couvercle \u00e0 chaque fois. Gr\u00e2ce \u00e0 son design fin, la carafe s&rsquo;ins\u00e8re dans le compartiment de la porte du r\u00e9frig\u00e9rateur. Convient \u00e9galement \u00e0 la pr\u00e9paration d&rsquo;infusions froides gr\u00e2ce au filtre int\u00e9gr\u00e9 dans le bouchon.<\/p>\n<p><strong>D\u00e9tails :<\/strong><\/p>\n<ul>\n<li>Dimensions : diam\u00e8tre 7 cm &#8211; hauteur 24,5 cm &#8211; largeur : 9,5 cm<\/li>\n<li>Capacit\u00e9 : 1,1 L<\/li>\n<li>Mat\u00e9riau : verre r\u00e9sistant \u00e0 la chaleur, acier inoxydable, polypropyl\u00e8ne, silicone<\/li>\n<\/ul>\n","protected":false},"excerpt":{"rendered":"<p>Une carafe pour l&rsquo;eau ou le th\u00e9 froid d&rsquo;une capacit\u00e9 maximale de 1,1 litre. Id\u00e9ale pour pr\u00e9parer des infusions froides.<\/p>\n","protected":false},"featured_media":10714,"comment_status":"open","ping_status":"closed","template":"","meta":[],"product_brand":[298],"product_cat":[177,136],"product_tag":[],"class_list":{"0":"post-10768","1":"product","2":"type-product","3":"status-publish","4":"has-post-thumbnail","6":"product_brand-kinto-fr","7":"product_cat-cold-brew-fr-fr","8":"product_cat-la-preparation-du-the","10":"first","11":"instock","12":"taxable","13":"shipping-taxable","14":"purchasable","15":"product-type-simple"},"bundled_by":[],"bundle_stock_status":"instock","bundle_stock_quantity":2,"bundle_virtual":false,"bundle_layout":"","bundle_add_to_cart_form_location":"","bundle_editable_in_cart":false,"bundle_sold_individually_context":"","bundle_item_grouping":"","bundle_min_size":"","bundle_max_size":"","bundle_price":[],"bundled_items":[],"bundle_sell_ids":[],"_links":{"self":[{"href":"https:\/\/thee.be\/fr\/wp-json\/wp\/v2\/product\/10768","targetHints":{"allow":["GET"]}}],"collection":[{"href":"https:\/\/thee.be\/fr\/wp-json\/wp\/v2\/product"}],"about":[{"href":"https:\/\/thee.be\/fr\/wp-json\/wp\/v2\/types\/product"}],"replies":[{"embeddable":true,"href":"https:\/\/thee.be\/fr\/wp-json\/wp\/v2\/comments?post=10768"}],"wp:featuredmedia":[{"embeddable":true,"href":"https:\/\/thee.be\/fr\/wp-json\/wp\/v2\/media\/10714"}],"wp:attachment":[{"href":"https:\/\/thee.be\/fr\/wp-json\/wp\/v2\/media?parent=10768"}],"wp:term":[{"taxonomy":"product_brand","embeddable":true,"href":"https:\/\/thee.be\/fr\/wp-json\/wp\/v2\/product_brand?post=10768"},{"taxonomy":"product_cat","embeddable":true,"href":"https:\/\/thee.be\/fr\/wp-json\/wp\/v2\/product_cat?post=10768"},{"taxonomy":"product_tag","embeddable":true,"href":"https:\/\/thee.be\/fr\/wp-json\/wp\/v2\/product_tag?post=10768"}],"curies":[{"name":"wp","href":"https:\/\/api.w.org\/{rel}","templated":true}]}}