{"id":3681,"date":"2021-05-21T13:04:22","date_gmt":"2021-05-21T11:04:22","guid":{"rendered":"https:\/\/thee.be\/verzending-en-bezorging\/"},"modified":"2025-12-18T16:24:38","modified_gmt":"2025-12-18T15:24:38","slug":"expedition-et-livraison","status":"publish","type":"page","link":"https:\/\/thee.be\/fr\/expedition-et-livraison\/","title":{"rendered":"Exp\u00e9dition et livraison"},"content":{"rendered":"<div class=\"wpb-content-wrapper\"><p>[vc_row][vc_column][vc_column_text css=\u00a0\u00bb\u00a0\u00bb]<\/p>\n<h2>Comment exp\u00e9dions-nous vos colis chez Thee.be ?<\/h2>\n<p>Toutes les commandes re\u00e7ues un jour ouvrable avant 17h30, et pour lesquelles tous les produits command\u00e9s sont en stock, sont exp\u00e9di\u00e9es le jour m\u00eame.<\/p>\n<p>Notre objectif est que votre colis soit livr\u00e9 \u00e0 votre adresse en Belgique le jour ouvrable suivant. Pour les autres pays europ\u00e9ens, l\u2019exp\u00e9dition peut prendre un ou deux jours suppl\u00e9mentaires.<\/p>\n<p>Bien entendu, vous recevez toujours un code de suivi d\u00e8s que votre colis quitte notre entrep\u00f4t. Vous pouvez ainsi suivre facilement la date de livraison de votre colis.<\/p>\n<h2>Quels sont les frais de livraison ?<\/h2>\n<p data-start=\"119\" data-end=\"343\">\u00c0 partir d\u2019un montant de commande de 40,00 \u20ac, votre commande chez Thee.be est <strong data-start=\"185\" data-end=\"238\">livr\u00e9e gratuitement \u00e0 domicile via FedEx ou DPD en Belgique<\/strong>.<br data-start=\"239\" data-end=\"242\" \/>Pour les commandes inf\u00e9rieures \u00e0 40,00 \u20ac, les frais de livraison pour la <strong data-start=\"307\" data-end=\"340\">livraison \u00e0 domicile FedEx\/DPD s\u2019\u00e9l\u00e8vent \u00e0 4,95 \u20ac<\/strong>.<\/p>\n<p data-start=\"350\" data-end=\"467\"><strong data-start=\"350\" data-end=\"380\">La livraison dans un point relais Bpost<\/strong> co\u00fbte toujours <strong data-start=\"393\" data-end=\"402\">5,00 \u20ac<\/strong>, quel que soit le montant de la commande, et n\u2019est <strong data-start=\"436\" data-end=\"464\" data-is-only-node=\"\">pas gratuite \u00e0 partir de 40,00 \u20ac<\/strong>.<\/p>\n<p data-start=\"474\" data-end=\"553\"><strong data-start=\"474\" data-end=\"497\">La livraison \u00e0 domicile via Bpost<\/strong> co\u00fbte <strong data-start=\"507\" data-end=\"516\">6,95 \u20ac<\/strong>, ind\u00e9pendamment du montant de la commande.<\/p>\n<p>Les clients souhaitant faire livrer un colis dans d\u2019autres pays europ\u00e9ens paient un tarif de livraison fixe en fonction du pays de destination. Vous trouverez ci-dessous un aper\u00e7u d\u00e9taill\u00e9 de tous les frais de livraison et des pays vers lesquels Thee.be peut exp\u00e9dier des colis.<\/p>\n<h2>Aper\u00e7u des options et frais de livraison<\/h2>\n<p>&nbsp;<\/p>\n<table style=\"border-collapse: collapse; width: 100%;\" border=\"1\">\n<tbody>\n<tr style=\"background-color: #558f00; color: white; height: 23px;\">\n<td style=\"width: 50%; height: 23px;\">\n<h4 style=\"margin-bottom: 0; color: white;\">Pays de livraison<\/h4>\n<\/td>\n<td style=\"width: 50%; height: 23px;\">\n<h4 style=\"margin-bottom: 0; color: white;\">Frais de livraison<\/h4>\n<\/td>\n<\/tr>\n<tr style=\"height: 23px;\">\n<td style=\"width: 50%; height: 23px;\">Belgique<\/td>\n<td style=\"width: 50%; height: 23px;\">Livraison \u00e0 domicile FedEx\/DPD : 4,95 \u20ac (gratuite \u00e0 partir d\u2019une commande de 40 \u20ac)<br \/>\nLivraison en point relais Bpost : 5 \u20ac<br \/>\nLivraison \u00e0 domicile Bpost : 6,95 \u20ac<\/td>\n<\/tr>\n<tr style=\"height: 23px;\">\n<td style=\"width: 50%; height: 23px;\">Allemagne<\/td>\n<td style=\"width: 50%; height: 23px;\">7,95 \u20ac<\/td>\n<\/tr>\n<tr style=\"height: 23px;\">\n<td style=\"width: 50%; height: 23px;\">France<\/td>\n<td style=\"width: 50%; height: 23px;\">9,95 \u20ac<\/td>\n<\/tr>\n<tr style=\"height: 23px;\">\n<td style=\"width: 50%; height: 23px;\">Luxembourg<\/td>\n<td style=\"width: 50%; height: 23px;\">7,95 \u20ac<\/td>\n<\/tr>\n<tr style=\"height: 23px;\">\n<td style=\"width: 50%; height: 23px;\">Pays-Bas<\/td>\n<td style=\"width: 50%; height: 23px;\">6,95 \u20ac (gratuite \u00e0 partir d\u2019une commande de 40 \u20ac)<\/td>\n<\/tr>\n<tr style=\"height: 23px;\">\n<td style=\"width: 50%; height: 23px;\">Italie<\/td>\n<td style=\"width: 50%; height: 23px;\">15,95 \u20ac<\/td>\n<\/tr>\n<\/tbody>\n<\/table>\n<h2>Point de retrait<\/h2>\n<p>Thee.be est une boutique en ligne ; nous ne disposons pas de magasin physique. Toutefois, nous avons r\u00e9cemment ouvert un <span class=\"selectable-text copyable-text\">point de retrait \u00e0 Schelle en collaboration avec Vaporshop. Les commandes pas<br \/>\n<\/span>[\/vc_column_text][\/vc_column][\/vc_row]<\/p>\n<\/div>","protected":false},"excerpt":{"rendered":"<p>[vc_row][vc_column][vc_column_text css=\u00a0\u00bb\u00a0\u00bb] Comment exp\u00e9dions-nous vos colis chez Thee.be ? Toutes les commandes re\u00e7ues un jour ouvrable avant 17h30, et pour<\/p>\n","protected":false},"author":1,"featured_media":0,"parent":0,"menu_order":0,"comment_status":"closed","ping_status":"closed","template":"","meta":{"footnotes":""},"class_list":["post-3681","page","type-page","status-publish","hentry"],"_links":{"self":[{"href":"https:\/\/thee.be\/fr\/wp-json\/wp\/v2\/pages\/3681","targetHints":{"allow":["GET"]}}],"collection":[{"href":"https:\/\/thee.be\/fr\/wp-json\/wp\/v2\/pages"}],"about":[{"href":"https:\/\/thee.be\/fr\/wp-json\/wp\/v2\/types\/page"}],"author":[{"embeddable":true,"href":"https:\/\/thee.be\/fr\/wp-json\/wp\/v2\/users\/1"}],"replies":[{"embeddable":true,"href":"https:\/\/thee.be\/fr\/wp-json\/wp\/v2\/comments?post=3681"}],"version-history":[{"count":1,"href":"https:\/\/thee.be\/fr\/wp-json\/wp\/v2\/pages\/3681\/revisions"}],"predecessor-version":[{"id":33866,"href":"https:\/\/thee.be\/fr\/wp-json\/wp\/v2\/pages\/3681\/revisions\/33866"}],"wp:attachment":[{"href":"https:\/\/thee.be\/fr\/wp-json\/wp\/v2\/media?parent=3681"}],"curies":[{"name":"wp","href":"https:\/\/api.w.org\/{rel}","templated":true}]}}