{"id":33418,"date":"2025-12-11T14:55:53","date_gmt":"2025-12-11T13:55:53","guid":{"rendered":"https:\/\/thee.be\/?page_id=33418"},"modified":"2025-12-11T16:24:41","modified_gmt":"2025-12-11T15:24:41","slug":"retours","status":"publish","type":"page","link":"https:\/\/thee.be\/fr\/retours\/","title":{"rendered":"Retours"},"content":{"rendered":"<div class=\"wpb-content-wrapper\"><p>[vc_row][vc_column][vc_column_text css=\u00a0\u00bb\u00a0\u00bb]<\/p>\n<h3><strong>Retours<\/strong><\/h3>\n<p>Vous avez le droit d&rsquo;annuler votre commande dans les 14 jours suivant la r\u00e9ception sans donner de raison. Apr\u00e8s l&rsquo;annulation, vous disposez de 14 jours suppl\u00e9mentaires pour retourner votre produit. Vous serez alors cr\u00e9dit\u00e9 du montant total de la commande, frais de port inclus. Seuls les frais de retour de votre domicile vers nous sont \u00e0 votre charge.<br \/>\nSi vous exercez votre droit de r\u00e9tractation, le produit avec tous les accessoires fournis et <em>&#8211; si raisonnablement possible<\/em> &#8211; dans son \u00e9tat et son emballage d&rsquo;origine sera retourn\u00e9 \u00e0 THEE.BE. Pour exercer ce droit, vous pouvez nous contacter \u00e0 support@thee.be. Nous rembourserons ensuite le montant de la commande d\u00fb dans les 14 jours suivant la notification de votre retour, \u00e0 condition que le produit ait d\u00e9j\u00e0 \u00e9t\u00e9 re\u00e7u en bon \u00e9tat.<br \/>\nSi le produit est endommag\u00e9 ou si l&#8217;emballage est plus endommag\u00e9 que n\u00e9cessaire pour tester le produit, nous pouvons vous facturer cette d\u00e9pr\u00e9ciation du produit. Manipulez donc le produit avec soin et assurez-vous qu&rsquo;il est correctement emball\u00e9 lors du retour.<\/p>\n<h3><strong>Exceptions aux retours<\/strong><\/h3>\n<p>La plupart de nos th\u00e9s et sachets sont des produits scell\u00e9s. Vous ne pouvez pas les retourner si le sceau est bris\u00e9. Si vous avez encore des produits scell\u00e9s, cela ne pose bien s\u00fbr aucun probl\u00e8me.<\/p>\n<h3>Contact concernant les retours<\/h3>\n<p>Envoyez-nous simplement un e-mail \u00e0 support@thee.be en indiquant votre nom, votre num\u00e9ro de commande et les produits que vous souhaitez retourner ou pour lesquels vous souhaitez exercer votre droit de r\u00e9tractation. Nous traitons g\u00e9n\u00e9ralement votre demande dans les 48 heures.<br \/>\nSi vous le souhaitez, vous pouvez utiliser le formulaire de r\u00e9tractation type que vous trouverez <a href=\"https:\/\/thee.be\/wp-content\/uploads\/2025\/12\/Formulaire_de_retractation_FR.pdf\" target=\"_blank\" rel=\"noopener\">ici<\/a>.<\/p>\n<h3><strong>Adresse de retour<\/strong><\/h3>\n<p><strong>Thee.be BV<\/strong><br \/>\nBoomsesteenweg 10<br \/>\n2627 Schelle<br \/>\nBelgique[\/vc_column_text][\/vc_column][\/vc_row]<\/p>\n<\/div>","protected":false},"excerpt":{"rendered":"<p>[vc_row][vc_column][vc_column_text css=\u00a0\u00bb\u00a0\u00bb] Retours Vous avez le droit d&rsquo;annuler votre commande dans les 14 jours suivant la r\u00e9ception sans donner de<\/p>\n","protected":false},"author":1,"featured_media":0,"parent":0,"menu_order":0,"comment_status":"closed","ping_status":"closed","template":"","meta":{"footnotes":""},"class_list":["post-33418","page","type-page","status-publish","hentry"],"_links":{"self":[{"href":"https:\/\/thee.be\/fr\/wp-json\/wp\/v2\/pages\/33418","targetHints":{"allow":["GET"]}}],"collection":[{"href":"https:\/\/thee.be\/fr\/wp-json\/wp\/v2\/pages"}],"about":[{"href":"https:\/\/thee.be\/fr\/wp-json\/wp\/v2\/types\/page"}],"author":[{"embeddable":true,"href":"https:\/\/thee.be\/fr\/wp-json\/wp\/v2\/users\/1"}],"replies":[{"embeddable":true,"href":"https:\/\/thee.be\/fr\/wp-json\/wp\/v2\/comments?post=33418"}],"version-history":[{"count":4,"href":"https:\/\/thee.be\/fr\/wp-json\/wp\/v2\/pages\/33418\/revisions"}],"predecessor-version":[{"id":33437,"href":"https:\/\/thee.be\/fr\/wp-json\/wp\/v2\/pages\/33418\/revisions\/33437"}],"wp:attachment":[{"href":"https:\/\/thee.be\/fr\/wp-json\/wp\/v2\/media?parent=33418"}],"curies":[{"name":"wp","href":"https:\/\/api.w.org\/{rel}","templated":true}]}}